{"id":7850,"date":"2019-01-05T13:17:28","date_gmt":"2019-01-05T18:17:28","guid":{"rendered":"https:\/\/fcae008a1c.nxcli.io\/?page_id=7850&#038;lang=fr"},"modified":"2026-04-02T22:33:05","modified_gmt":"2026-04-02T20:33:05","slug":"accueil","status":"publish","type":"page","link":"https:\/\/www.snorkeling-report.com\/fr\/","title":{"rendered":"Accueil"},"content":{"rendered":"<div class=\"wpb-content-wrapper\"><p>[vc_row full_width=\u00a0\u00bbstretch_row_content_no_spaces\u00a0\u00bb disable_element=\u00a0\u00bbyes\u00a0\u00bb][vc_column]<div class=\"vcCustomTabs fullwidth-type content-white\" style=\"background-image: url('https:\/\/ecywgr22tt6.exactdn.com\/wp-content\/uploads\/2018\/11\/tabs-home.png');\">\r\n\t<div class=\"container\">\r\n\t\t<div class=\"row\">\r\n\t\t\t<div class=\"col-12 col-sm-12 col-md-4 col-lg-3\"><\/div>\r\n\t\t\t<div class=\"col-12 col-sm-12 col-md-8 col-lg-9\">\r\n\t\t\t\t<ul>\r\n\t\t\t\t<li data-id=\"c99384b714c60ba97a8d0c84d96146df\" class=\"active\" style=\"width: 33.3333%;\"><a href=\"javascript:void(0);\" \r\n\tdata-hover=\"https:\/\/ecywgr22tt6.exactdn.com\/wp-content\/uploads\/2019\/01\/picto-onglet-explorez-on-1.png\"\r\n\tdata-src=\"https:\/\/ecywgr22tt6.exactdn.com\/wp-content\/uploads\/2019\/01\/picto-onglet-explorez-off-1.png\"\r\n\tstyle=\"background-image: url('https:\/\/ecywgr22tt6.exactdn.com\/wp-content\/uploads\/2019\/01\/picto-onglet-explorez-on-1.png')\">\r\n\tEXPLOREZ LES OC\u00c9ANS<\/a>\r\n<\/li><li data-id=\"b69c55305bbe465ad7a612fa23d924e0\" class=\"\" style=\"width: 33.3333%;\"><a href=\"javascript:void(0);\" \r\n\tdata-hover=\"https:\/\/ecywgr22tt6.exactdn.com\/wp-content\/uploads\/2019\/01\/picto-onglet-vivez-on-1.png\"\r\n\tdata-src=\"https:\/\/ecywgr22tt6.exactdn.com\/wp-content\/uploads\/2019\/01\/picto-onglet-vivez-off-1.png\"\r\n\tstyle=\"background-image: url('https:\/\/ecywgr22tt6.exactdn.com\/wp-content\/uploads\/2019\/01\/picto-onglet-vivez-off-1.png')\">\r\n\tVIVEZ DES EXP\u00c9RIENCES UNIQUES<\/a>\r\n<\/li><li data-id=\"3e17cf301c92eaff69233fa6c480cbd5\" class=\"\" style=\"width: 33.3333%;\"><a href=\"javascript:void(0);\" \r\n\tdata-hover=\"https:\/\/ecywgr22tt6.exactdn.com\/wp-content\/uploads\/2019\/01\/picto-onglet-partagez-on-1.png\"\r\n\tdata-src=\"https:\/\/ecywgr22tt6.exactdn.com\/wp-content\/uploads\/2019\/01\/picto-onglet-partagez-off-1.png\"\r\n\tstyle=\"background-image: url('https:\/\/ecywgr22tt6.exactdn.com\/wp-content\/uploads\/2019\/01\/picto-onglet-partagez-off-1.png')\">\r\n\tPARTAGEZ VOTRE PASSION<\/a>\r\n<\/li>\t\t\t\t<\/ul>\r\n\t\t\t\t<div class=\"content\">\r\n\t\t\t\t<div class=\"vcCustomTabsDetail active\" id=\"c99384b714c60ba97a8d0c84d96146df\"><div class=\"\">\r\n\tSnorkeling Report met \u00e0 disposition un atlas mondial des spots pour pratiquer la randonn\u00e9e palm\u00e9e, incluant des cartes, des vues a\u00e9riennes, des conseils et des photos sous-marines, cr\u00e9\u00e9 \u00e0 partir des contributions de nos experts et membres du monde entier. Enfilez votre masque et vos palmes, prenez votre appareil photo \u00e9tanche, et partez d\u00e9couvrir les plus beaux r\u00e9cifs coralliens!\t<div class=\"text-center boxbtn\"><a href=\"https:\/\/www.snorkeling-report.com\/destinations\/\" class=\"btn btn-sk\">D\u00c9COUVRIR TOUS LES SPOTS<\/a><\/div><\/div><\/div><div class=\"vcCustomTabsDetail \" id=\"b69c55305bbe465ad7a612fa23d924e0\"><div class=\"\">\r\n\tVous avez toujours r\u00eav\u00e9 de nager avec des tortues marines, de plonger avec des requins et des dauphins, ou d\u2019observer des poissons-clowns, des raies ou des \u00e9toiles de mer dans leur environnement naturel ? Snorkeling Report vous propose ses Top10 pour de saisissantes rencontres sous l\u2019eau !\t<div class=\"text-center boxbtn\"><a href=\"https:\/\/www.snorkeling-report.com\/your-most-amazing-experiences\/\" class=\"btn btn-sk\">D\u00c9COUVRIR TOUTES LES EXP\u00c9RIENCES<\/a><\/div><\/div><\/div><div class=\"vcCustomTabsDetail \" id=\"3e17cf301c92eaff69233fa6c480cbd5\"><div class=\"\">\r\n\tVous avec v\u00e9cu de superbes moments sous l\u2019eau ? Vous voulez partager vos endroits favoris ? Remplissez le formulaire \u00ab ajouter un spot \u00bb en ligne et il sera publi\u00e9 sur Snorkeling Report. Discutez avec d\u2019autres snorkelers et apprenez-en toujours plus sur les mers et oc\u00e9ans, le monde sous-marin, les esp\u00e8ces de poissons et la photographie sous-marine. Rejoignez-nous et participez \u00e0 cette belle aventure !\t<div class=\"text-center boxbtn\"><a href=\"https:\/\/www.snorkeling-report.com\/ajouter-un-spot\/\" class=\"btn btn-sk\">AJOUTER UN SPOT<\/a><\/div><\/div><\/div>\t\t\t\t<\/div>\r\n\t\t\t<\/div>\r\n\t\t<\/div>\r\n\t<\/div>\r\n<\/div>\r\n[\/vc_column][\/vc_row][vc_row full_width=\u00a0\u00bbstretch_row\u00a0\u00bb disable_element=\u00a0\u00bbyes\u00a0\u00bb css=\u00a0\u00bb.vc_custom_1556314215616{margin-top: 35px !important;padding-top: 0px !important;background-color: #f6f6f6 !important;}\u00a0\u00bb][vc_column]<div class=\"title vcTitle\r\n\t small\t\t text-center\t\t\">\t\r\n\t\tDerniers\t\t<span>VOYAGES<\/span>\t\t<\/div>\r\n[vc_single_image image=\u00a0\u00bb5523&Prime; img_size=\u00a0\u00bbfull\u00a0\u00bb alignment=\u00a0\u00bbcenter\u00a0\u00bb css=\u00a0\u00bb.vc_custom_1542904867426{margin-top: 40px !important;}\u00a0\u00bb][\/vc_column][\/vc_row]<\/p>\n<\/div>","protected":false},"excerpt":{"rendered":"<p>[vc_row full_width=\u00a0\u00bbstretch_row_content_no_spaces\u00a0\u00bb disable_element=\u00a0\u00bbyes\u00a0\u00bb][vc_column][\/vc_column][\/vc_row][vc_row full_width=\u00a0\u00bbstretch_row\u00a0\u00bb disable_element=\u00a0\u00bbyes\u00a0\u00bb css=\u00a0\u00bb.vc_custom_1556314215616{margin-top: 35px !important;padding-top: 0px !important;background-color: #f6f6f6 !important;}\u00a0\u00bb][vc_column][vc_single_image image=\u00a0\u00bb5523&Prime; img_size=\u00a0\u00bbfull\u00a0\u00bb alignment=\u00a0\u00bbcenter\u00a0\u00bb css=\u00a0\u00bb.vc_custom_1542904867426{margin-top: 40px !important;}\u00a0\u00bb][\/vc_column][\/vc_row]<\/p>\n","protected":false},"author":39,"featured_media":42371,"parent":0,"menu_order":0,"comment_status":"closed","ping_status":"open","template":"","meta":{"_acf_changed":false,"footnotes":""},"class_list":["post-7850","page","type-page","status-publish","has-post-thumbnail","hentry"],"acf":[],"yoast_head":"<!-- This site is optimized with the Yoast SEO plugin v27.4 - https:\/\/yoast.com\/product\/yoast-seo-wordpress\/ -->\n<title>Snorkeling Report | Le Guide des Meilleurs Spots de Snorkeling<\/title>\n<meta name=\"description\" content=\"Localisez et d\u00e9couvrez les meilleurs spots de snorkeling dans plus de 80 destinations du monde entier. Cartes, conseils, photos sous-marines, esp\u00e8ces.\" \/>\n<meta name=\"robots\" content=\"index, follow, max-snippet:-1, max-image-preview:large, max-video-preview:-1\" \/>\n<link rel=\"canonical\" href=\"https:\/\/www.snorkeling-report.com\/fr\/\" \/>\n<meta property=\"og:locale\" content=\"fr_FR\" \/>\n<meta property=\"og:type\" content=\"article\" \/>\n<meta property=\"og:title\" content=\"Snorkeling Report | Le Guide des Meilleurs Spots de Snorkeling\" \/>\n<meta property=\"og:description\" content=\"Localisez et d\u00e9couvrez les meilleurs spots de snorkeling dans plus de 80 destinations du monde entier. Cartes, conseils, photos sous-marines, esp\u00e8ces.\" \/>\n<meta property=\"og:url\" content=\"https:\/\/www.snorkeling-report.com\/fr\/\" \/>\n<meta property=\"og:site_name\" content=\"Snorkeling Report\" \/>\n<meta property=\"article:modified_time\" content=\"2026-04-02T20:33:05+00:00\" \/>\n<meta property=\"og:image\" content=\"https:\/\/www.snorkeling-report.com\/wp-content\/uploads\/2021\/03\/snorkeling-with-clownfish-new-caledonia.jpg\" \/>\n\t<meta property=\"og:image:width\" content=\"1000\" \/>\n\t<meta property=\"og:image:height\" content=\"592\" \/>\n\t<meta property=\"og:image:type\" content=\"image\/jpeg\" \/>\n<meta name=\"twitter:card\" content=\"summary_large_image\" \/>\n<meta name=\"twitter:label1\" content=\"Dur\u00e9e de lecture estim\u00e9e\" \/>\n\t<meta name=\"twitter:data1\" content=\"2 minutes\" \/>\n<script type=\"application\/ld+json\" class=\"yoast-schema-graph\">{\"@context\":\"https:\\\/\\\/schema.org\",\"@graph\":[{\"@type\":\"WebPage\",\"@id\":\"https:\\\/\\\/www.snorkeling-report.com\\\/fr\\\/\",\"url\":\"https:\\\/\\\/www.snorkeling-report.com\\\/fr\\\/\",\"name\":\"Snorkeling Report | Le Guide des Meilleurs Spots de Snorkeling\",\"isPartOf\":{\"@id\":\"https:\\\/\\\/www.snorkeling-report.com\\\/#website\"},\"primaryImageOfPage\":{\"@id\":\"https:\\\/\\\/www.snorkeling-report.com\\\/fr\\\/#primaryimage\"},\"image\":{\"@id\":\"https:\\\/\\\/www.snorkeling-report.com\\\/fr\\\/#primaryimage\"},\"thumbnailUrl\":\"https:\\\/\\\/ecywgr22tt6.exactdn.com\\\/wp-content\\\/uploads\\\/2021\\\/03\\\/snorkeling-with-clownfish-new-caledonia.jpg\",\"datePublished\":\"2019-01-05T18:17:28+00:00\",\"dateModified\":\"2026-04-02T20:33:05+00:00\",\"description\":\"Localisez et d\u00e9couvrez les meilleurs spots de snorkeling dans plus de 80 destinations du monde entier. Cartes, conseils, photos sous-marines, esp\u00e8ces.\",\"breadcrumb\":{\"@id\":\"https:\\\/\\\/www.snorkeling-report.com\\\/fr\\\/#breadcrumb\"},\"inLanguage\":\"fr-FR\",\"potentialAction\":[{\"@type\":\"ReadAction\",\"target\":[\"https:\\\/\\\/www.snorkeling-report.com\\\/fr\\\/\"]}]},{\"@type\":\"ImageObject\",\"inLanguage\":\"fr-FR\",\"@id\":\"https:\\\/\\\/www.snorkeling-report.com\\\/fr\\\/#primaryimage\",\"url\":\"https:\\\/\\\/ecywgr22tt6.exactdn.com\\\/wp-content\\\/uploads\\\/2021\\\/03\\\/snorkeling-with-clownfish-new-caledonia.jpg\",\"contentUrl\":\"https:\\\/\\\/ecywgr22tt6.exactdn.com\\\/wp-content\\\/uploads\\\/2021\\\/03\\\/snorkeling-with-clownfish-new-caledonia.jpg\",\"width\":1000,\"height\":592,\"caption\":\"Observing clownfish in shallow waters is easy in many parts of the world, like here in\"},{\"@type\":\"BreadcrumbList\",\"@id\":\"https:\\\/\\\/www.snorkeling-report.com\\\/fr\\\/#breadcrumb\",\"itemListElement\":[{\"@type\":\"ListItem\",\"position\":1,\"name\":\"Accueil\",\"item\":\"https:\\\/\\\/www.snorkeling-report.com\\\/fr\\\/\"},{\"@type\":\"ListItem\",\"position\":2,\"name\":\"Accueil\"}]},{\"@type\":\"WebSite\",\"@id\":\"https:\\\/\\\/www.snorkeling-report.com\\\/#website\",\"url\":\"https:\\\/\\\/www.snorkeling-report.com\\\/\",\"name\":\"Snorkeling Report\",\"description\":\"Le guide des meilleurs spots de Snorkeling\",\"potentialAction\":[{\"@type\":\"SearchAction\",\"target\":{\"@type\":\"EntryPoint\",\"urlTemplate\":\"https:\\\/\\\/www.snorkeling-report.com\\\/?s={search_term_string}\"},\"query-input\":{\"@type\":\"PropertyValueSpecification\",\"valueRequired\":true,\"valueName\":\"search_term_string\"}}],\"inLanguage\":\"fr-FR\"}]}<\/script>\n<!-- \/ Yoast SEO plugin. -->","yoast_head_json":{"title":"Snorkeling Report | Le Guide des Meilleurs Spots de Snorkeling","description":"Localisez et d\u00e9couvrez les meilleurs spots de snorkeling dans plus de 80 destinations du monde entier. Cartes, conseils, photos sous-marines, esp\u00e8ces.","robots":{"index":"index","follow":"follow","max-snippet":"max-snippet:-1","max-image-preview":"max-image-preview:large","max-video-preview":"max-video-preview:-1"},"canonical":"https:\/\/www.snorkeling-report.com\/fr\/","og_locale":"fr_FR","og_type":"article","og_title":"Snorkeling Report | Le Guide des Meilleurs Spots de Snorkeling","og_description":"Localisez et d\u00e9couvrez les meilleurs spots de snorkeling dans plus de 80 destinations du monde entier. Cartes, conseils, photos sous-marines, esp\u00e8ces.","og_url":"https:\/\/www.snorkeling-report.com\/fr\/","og_site_name":"Snorkeling Report","article_modified_time":"2026-04-02T20:33:05+00:00","og_image":[{"width":1000,"height":592,"url":"https:\/\/www.snorkeling-report.com\/wp-content\/uploads\/2021\/03\/snorkeling-with-clownfish-new-caledonia.jpg","type":"image\/jpeg"}],"twitter_card":"summary_large_image","twitter_misc":{"Dur\u00e9e de lecture estim\u00e9e":"2 minutes"},"schema":{"@context":"https:\/\/schema.org","@graph":[{"@type":"WebPage","@id":"https:\/\/www.snorkeling-report.com\/fr\/","url":"https:\/\/www.snorkeling-report.com\/fr\/","name":"Snorkeling Report | Le Guide des Meilleurs Spots de Snorkeling","isPartOf":{"@id":"https:\/\/www.snorkeling-report.com\/#website"},"primaryImageOfPage":{"@id":"https:\/\/www.snorkeling-report.com\/fr\/#primaryimage"},"image":{"@id":"https:\/\/www.snorkeling-report.com\/fr\/#primaryimage"},"thumbnailUrl":"https:\/\/ecywgr22tt6.exactdn.com\/wp-content\/uploads\/2021\/03\/snorkeling-with-clownfish-new-caledonia.jpg","datePublished":"2019-01-05T18:17:28+00:00","dateModified":"2026-04-02T20:33:05+00:00","description":"Localisez et d\u00e9couvrez les meilleurs spots de snorkeling dans plus de 80 destinations du monde entier. Cartes, conseils, photos sous-marines, esp\u00e8ces.","breadcrumb":{"@id":"https:\/\/www.snorkeling-report.com\/fr\/#breadcrumb"},"inLanguage":"fr-FR","potentialAction":[{"@type":"ReadAction","target":["https:\/\/www.snorkeling-report.com\/fr\/"]}]},{"@type":"ImageObject","inLanguage":"fr-FR","@id":"https:\/\/www.snorkeling-report.com\/fr\/#primaryimage","url":"https:\/\/ecywgr22tt6.exactdn.com\/wp-content\/uploads\/2021\/03\/snorkeling-with-clownfish-new-caledonia.jpg","contentUrl":"https:\/\/ecywgr22tt6.exactdn.com\/wp-content\/uploads\/2021\/03\/snorkeling-with-clownfish-new-caledonia.jpg","width":1000,"height":592,"caption":"Observing clownfish in shallow waters is easy in many parts of the world, like here in"},{"@type":"BreadcrumbList","@id":"https:\/\/www.snorkeling-report.com\/fr\/#breadcrumb","itemListElement":[{"@type":"ListItem","position":1,"name":"Accueil","item":"https:\/\/www.snorkeling-report.com\/fr\/"},{"@type":"ListItem","position":2,"name":"Accueil"}]},{"@type":"WebSite","@id":"https:\/\/www.snorkeling-report.com\/#website","url":"https:\/\/www.snorkeling-report.com\/","name":"Snorkeling Report","description":"Le guide des meilleurs spots de Snorkeling","potentialAction":[{"@type":"SearchAction","target":{"@type":"EntryPoint","urlTemplate":"https:\/\/www.snorkeling-report.com\/?s={search_term_string}"},"query-input":{"@type":"PropertyValueSpecification","valueRequired":true,"valueName":"search_term_string"}}],"inLanguage":"fr-FR"}]}},"_links":{"self":[{"href":"https:\/\/www.snorkeling-report.com\/fr\/wp-json\/wp\/v2\/pages\/7850","targetHints":{"allow":["GET"]}}],"collection":[{"href":"https:\/\/www.snorkeling-report.com\/fr\/wp-json\/wp\/v2\/pages"}],"about":[{"href":"https:\/\/www.snorkeling-report.com\/fr\/wp-json\/wp\/v2\/types\/page"}],"author":[{"embeddable":true,"href":"https:\/\/www.snorkeling-report.com\/fr\/wp-json\/wp\/v2\/users\/39"}],"replies":[{"embeddable":true,"href":"https:\/\/www.snorkeling-report.com\/fr\/wp-json\/wp\/v2\/comments?post=7850"}],"version-history":[{"count":8,"href":"https:\/\/www.snorkeling-report.com\/fr\/wp-json\/wp\/v2\/pages\/7850\/revisions"}],"predecessor-version":[{"id":68497,"href":"https:\/\/www.snorkeling-report.com\/fr\/wp-json\/wp\/v2\/pages\/7850\/revisions\/68497"}],"wp:featuredmedia":[{"embeddable":true,"href":"https:\/\/www.snorkeling-report.com\/fr\/wp-json\/wp\/v2\/media\/42371"}],"wp:attachment":[{"href":"https:\/\/www.snorkeling-report.com\/fr\/wp-json\/wp\/v2\/media?parent=7850"}],"curies":[{"name":"wp","href":"https:\/\/api.w.org\/{rel}","templated":true}]}}