{"id":7776,"date":"2019-01-05T12:38:56","date_gmt":"2019-01-05T17:38:56","guid":{"rendered":"https:\/\/fcae008a1c.nxcli.io\/?page_id=7776&#038;lang=fr"},"modified":"2023-07-16T10:35:13","modified_gmt":"2023-07-16T08:35:13","slug":"experiences","status":"publish","type":"page","link":"https:\/\/www.snorkeling-report.com\/fr\/experiences\/","title":{"rendered":"Vos plus belles exp\u00e9riences snorkeling"},"content":{"rendered":"<div class=\"wpb-content-wrapper\"><p>[vc_row][vc_column][vc_column_text]<strong>Vous avez toujours r\u00eav\u00e9 de nager avec des tortues, des raies ou des requins? Vous aimeriez observer des poissons-clowns, des poissons-anges ou des \u00e9toiles de mer en palmes-masque-tuba&nbsp;? D\u00e9couvrez nos Top10 des meilleurs spots pour vivre l\u2019exp\u00e9rience dont vous r\u00eavez. Choisissez l\u2019esp\u00e8ce que vous voulez voir, et nous vous indiquons sur quels spots de snorkeling vous aurez le plus de chances de la rencontrer.<\/strong>[\/vc_column_text][vc_separator][\/vc_column][\/vc_row][vc_row][vc_column]\n<div class=\"experiencesListing\">\n\n\t<div class=\"row\">\n\n\t\n\t\t<div class=\"col-lg-4 col-md-6 col-12 mb-3\">\n\t\t\t<a class=\"experience\"  href=\"https:\/\/www.snorkeling-report.com\/fr\/experience\/top10-spots-snorkeling-avec-des-tortues\/\">\n\t\t\t\t\t<img decoding=\"async\" src=\"https:\/\/ecywgr22tt6.exactdn.com\/wp-content\/uploads\/2018\/11\/snorkeling-with-sea-turtles.jpg\" alt=\"Snorkeling avec des tortues\">\n\t\t\t\t\t<div class=\"information text-center p-1\">\n\n\t\t\t\t\t\t<div class=\"subtitle\">Top 12<\/div>\n\t\t\t\t\t\t<div class=\"title\">Snorkeling avec des tortues<\/div>\n\t\t\t\t\t<\/div>\n\t\t\t\t\t<p class=\"p-2\">\n\t\t\t\t\t\tLes tortues marines sont l\u2019un des symboles des oc\u00e9ans. Calmes, inoffensives et amusantes, elles sont l\u2019une des cr\u00e9atures les plus sympathiques \u00e0 observer sous l\u2019eau. Sur l [...]\t\t\t\t\t<\/p>\n\n\t\t\t\t<\/a>\n\n\t\t<\/div>\n\n\t\t\n\n\t\t\n\t\t<div class=\"col-lg-4 col-md-6 col-12 mb-3\">\n\t\t\t<a class=\"experience\"  href=\"https:\/\/www.snorkeling-report.com\/fr\/experience\/poissons-observer-snorkeling-hawaii\/\">\n\t\t\t\t\t<img decoding=\"async\" src=\"https:\/\/ecywgr22tt6.exactdn.com\/wp-content\/uploads\/2023\/07\/best-fish-to-spot-hawaii.jpg\" alt=\"Poissons \u00e0 Voir en Snorkeling \u00e0 Hawaii\">\n\t\t\t\t\t<div class=\"information text-center p-1\">\n\n\t\t\t\t\t\t<div class=\"subtitle\">Top 12<\/div>\n\t\t\t\t\t\t<div class=\"title\">Poissons \u00e0 Voir en Snorkeling \u00e0 Hawaii<\/div>\n\t\t\t\t\t<\/div>\n\t\t\t\t\t<p class=\"p-2\">\n\t\t\t\t\t\tUn nombre impressionnant de poissons r\u00e9cifaux et d&rsquo;autres animaux marins vit le long des c\u00f4tes d&rsquo;Hawaii, mais quelles sont les esp\u00e8ces les plus fascinantes que vous  [...]\t\t\t\t\t<\/p>\n\n\t\t\t\t<\/a>\n\n\t\t<\/div>\n\n\t\t\n\n\t\t\n\t\t<div class=\"col-lg-4 col-md-6 col-12 mb-3\">\n\t\t\t<a class=\"experience\"  href=\"https:\/\/www.snorkeling-report.com\/fr\/experience\/notre-top10-des-meilleurs-spots-de-snorkeling-de-mediterranee\/\">\n\t\t\t\t\t<img decoding=\"async\" src=\"https:\/\/ecywgr22tt6.exactdn.com\/wp-content\/uploads\/2021\/04\/best-snorkeling-spots-mediterranean-m.jpg\" alt=\"Meilleurs spots de snorkeling de M\u00e9diterran\u00e9e\">\n\t\t\t\t\t<div class=\"information text-center p-1\">\n\n\t\t\t\t\t\t<div class=\"subtitle\">Top 10<\/div>\n\t\t\t\t\t\t<div class=\"title\">Meilleurs spots de snorkeling de M\u00e9diterran\u00e9e<\/div>\n\t\t\t\t\t<\/div>\n\t\t\t\t\t<p class=\"p-2\">\n\t\t\t\t\t\tAvec ses \u00eeles baign\u00e9es de soleil, ses falaises tombant dans un bleu cristallin et son climat doux, la M\u00e9diterran\u00e9e prend tous les \u00e9t\u00e9s un air de paradis. Si l&rsquo;on n&rsqu [...]\t\t\t\t\t<\/p>\n\n\t\t\t\t<\/a>\n\n\t\t<\/div>\n\n\t\t\n\n\t\t\n\t\t<div class=\"col-lg-4 col-md-6 col-12 mb-3\">\n\t\t\t<a class=\"experience\"  href=\"https:\/\/www.snorkeling-report.com\/fr\/experience\/top10-spots-snorkeling-avec-des-requins\/\">\n\t\t\t\t\t<img decoding=\"async\" src=\"https:\/\/ecywgr22tt6.exactdn.com\/wp-content\/uploads\/2018\/11\/snorkeling-with-sharks.jpg\" alt=\"Snorkeling avec des requins\">\n\t\t\t\t\t<div class=\"information text-center p-1\">\n\n\t\t\t\t\t\t<div class=\"subtitle\">Top 10<\/div>\n\t\t\t\t\t\t<div class=\"title\">Snorkeling avec des requins<\/div>\n\t\t\t\t\t<\/div>\n\t\t\t\t\t<p class=\"p-2\">\n\t\t\t\t\t\tLes requins sont les pr\u00e9dateurs les plus puissants des oc\u00e9ans. Ils souffrent d\u2019une r\u00e9putation d\u2019animaux dangereux mais il est possible, dans de nombreux endroits du monde, d [...]\t\t\t\t\t<\/p>\n\n\t\t\t\t<\/a>\n\n\t\t<\/div>\n\n\t\t\n\n\t\t\n\t\t<div class=\"col-lg-4 col-md-6 col-12 mb-3\">\n\t\t\t<a class=\"experience\"  href=\"https:\/\/www.snorkeling-report.com\/fr\/experience\/top10-spots-snorkeling-avec-des-poissons-clowns\/\">\n\t\t\t\t\t<img decoding=\"async\" src=\"https:\/\/ecywgr22tt6.exactdn.com\/wp-content\/uploads\/2018\/11\/snorkeling-clownfish.jpg\" alt=\"Snorkeling avec des poissons-clowns\">\n\t\t\t\t\t<div class=\"information text-center p-1\">\n\n\t\t\t\t\t\t<div class=\"subtitle\">Top 10<\/div>\n\t\t\t\t\t\t<div class=\"title\">Snorkeling avec des poissons-clowns<\/div>\n\t\t\t\t\t<\/div>\n\t\t\t\t\t<p class=\"p-2\">\n\t\t\t\t\t\tPopularis\u00e9 par le film \u00ab Le Monde de N\u00e9mo \u00bb, le poisson-clown est l\u2019une des stars des r\u00e9cifs coralliens. Sa robe bariol\u00e9e, sa nage maladroite et sa relation unique avec les [...]\t\t\t\t\t<\/p>\n\n\t\t\t\t<\/a>\n\n\t\t<\/div>\n\n\t\t\n\n\t\t\n\t\t<div class=\"col-lg-4 col-md-6 col-12 mb-3\">\n\t\t\t<a class=\"experience\"  href=\"https:\/\/www.snorkeling-report.com\/fr\/experience\/top10-spots-snorkeling-avec-des-etoiles-de-mer\/\">\n\t\t\t\t\t<img decoding=\"async\" src=\"https:\/\/ecywgr22tt6.exactdn.com\/wp-content\/uploads\/2019\/01\/starfish-snorkeling-spot-zanzibar.jpg\" alt=\"Snorkeling avec des \u00e9toiles de mer\">\n\t\t\t\t\t<div class=\"information text-center p-1\">\n\n\t\t\t\t\t\t<div class=\"subtitle\">Top 10<\/div>\n\t\t\t\t\t\t<div class=\"title\">Snorkeling avec des \u00e9toiles de mer<\/div>\n\t\t\t\t\t<\/div>\n\t\t\t\t\t<p class=\"p-2\">\n\t\t\t\t\t\tQuoi de plus sympathique et fascinant qu\u2019une \u00e9toile de mer ? Ces animaux marins, \u00e0 la forme si caract\u00e9ristique et se d\u00e9pla\u00e7ant \u00e0 petite vitesse, \u00e9tonnent par leurs couleur [...]\t\t\t\t\t<\/p>\n\n\t\t\t\t<\/a>\n\n\t\t<\/div>\n\n\t\t\n\n\t\t\n\t\t<div class=\"col-lg-4 col-md-6 col-12 mb-3\">\n\t\t\t<a class=\"experience\"  href=\"https:\/\/www.snorkeling-report.com\/fr\/experience\/top10-spots-snorkeling-avec-des-raies\/\">\n\t\t\t\t\t<img decoding=\"async\" src=\"https:\/\/ecywgr22tt6.exactdn.com\/wp-content\/uploads\/2018\/11\/snorkeling-with-rays-1.jpg\" alt=\"Snorkeling avec des raies\">\n\t\t\t\t\t<div class=\"information text-center p-1\">\n\n\t\t\t\t\t\t<div class=\"subtitle\">Top 10<\/div>\n\t\t\t\t\t\t<div class=\"title\">Snorkeling avec des raies<\/div>\n\t\t\t\t\t<\/div>\n\t\t\t\t\t<p class=\"p-2\">\n\t\t\t\t\t\tAvec leur corps plat et leurs nageoires en forme d\u2019ailes, les raies sont les \u00ab oiseaux \u00bb des mers. Des dizaines d\u2019esp\u00e8ces peuplent les mers du globe. La plus grande d\u2019entr [...]\t\t\t\t\t<\/p>\n\n\t\t\t\t<\/a>\n\n\t\t<\/div>\n\n\t\t\n\n\t\t\n\t\t<div class=\"col-lg-4 col-md-6 col-12 mb-3\">\n\t\t\t<a class=\"experience\"  href=\"https:\/\/www.snorkeling-report.com\/fr\/experience\/top10-spots-snorkeling-avec-des-dauphins\/\">\n\t\t\t\t\t<img decoding=\"async\" src=\"https:\/\/ecywgr22tt6.exactdn.com\/wp-content\/uploads\/2018\/11\/snorkeling-with-dolphins-1.jpg\" alt=\"Snorkeling avec des dauphins\">\n\t\t\t\t\t<div class=\"information text-center p-1\">\n\n\t\t\t\t\t\t<div class=\"subtitle\">Top 3<\/div>\n\t\t\t\t\t\t<div class=\"title\">Snorkeling avec des dauphins<\/div>\n\t\t\t\t\t<\/div>\n\t\t\t\t\t<p class=\"p-2\">\n\t\t\t\t\t\tNager avec des dauphins en libert\u00e9 est un r\u00eave pour beaucoup, petits ou grands. Il existe plusieurs spots dans le monde o\u00f9 il est possible d\u2019observer des dauphins en snorkelin [...]\t\t\t\t\t<\/p>\n\n\t\t\t\t<\/a>\n\n\t\t<\/div>\n\n\t\t\n\n\t\t\n\t\t<div class=\"col-lg-4 col-md-6 col-12 mb-3\">\n\t\t\t<a class=\"experience\"  href=\"https:\/\/www.snorkeling-report.com\/fr\/experience\/voir-les-plus-beaux-recifs-de-corail\/\">\n\t\t\t\t\t<img decoding=\"async\" src=\"https:\/\/ecywgr22tt6.exactdn.com\/wp-content\/uploads\/2018\/11\/most-beautiful-reefs-for-snorkeling.jpg\" alt=\"Plus beaux r\u00e9cifs coralliens pour le snorkeling\">\n\t\t\t\t\t<div class=\"information text-center p-1\">\n\n\t\t\t\t\t\t<div class=\"subtitle\">Top 10<\/div>\n\t\t\t\t\t\t<div class=\"title\">Plus beaux r\u00e9cifs coralliens pour le snorkeling<\/div>\n\t\t\t\t\t<\/div>\n\t\t\t\t\t<p class=\"p-2\">\n\t\t\t\t\t\tLes r\u00e9cifs coralliens font partie, avec les for\u00eats tropicales, des \u00e9cosyst\u00e8mes les plus riches (mais aussi les plus menac\u00e9s) de la plan\u00e8te. Ils abritent une diversit\u00e9 incroy [...]\t\t\t\t\t<\/p>\n\n\t\t\t\t<\/a>\n\n\t\t<\/div>\n\n\t\t\n\n\t\t\n\t\t<div class=\"col-lg-4 col-md-6 col-12 mb-3\">\n\t\t\t<a class=\"experience\"  href=\"https:\/\/www.snorkeling-report.com\/fr\/experience\/top10-meilleures-destinations-snorkeling\/\">\n\t\t\t\t\t<img decoding=\"async\" src=\"https:\/\/ecywgr22tt6.exactdn.com\/wp-content\/uploads\/2018\/11\/worlds-best-snorkeling-destinations.jpg\" alt=\"Plus belles destinations snorkeling\">\n\t\t\t\t\t<div class=\"information text-center p-1\">\n\n\t\t\t\t\t\t<div class=\"subtitle\">Top 10<\/div>\n\t\t\t\t\t\t<div class=\"title\">Plus belles destinations snorkeling<\/div>\n\t\t\t\t\t<\/div>\n\t\t\t\t\t<p class=\"p-2\">\n\t\t\t\t\t\tIl est difficile de citer les plus belles destinations snorkeling au monde. Il y a, il est vrai, des centaines d\u2019endroits extraordinaires \u00e0 d\u00e9couvrir, et une infinit\u00e9 d\u2019envi [...]\t\t\t\t\t<\/p>\n\n\t\t\t\t<\/a>\n\n\t\t<\/div>\n\n\t\t\n\n\t\t\n\t\t<div class=\"col-lg-4 col-md-6 col-12 mb-3\">\n\t\t\t<a class=\"experience\"  href=\"https:\/\/www.snorkeling-report.com\/fr\/experience\/top-10-plus-belles-plages-snorkeling\/\">\n\t\t\t\t\t<img decoding=\"async\" src=\"https:\/\/ecywgr22tt6.exactdn.com\/wp-content\/uploads\/2018\/11\/most-beautiful-snorkeling-beaches.jpg\" alt=\"Plus belles plages pour le snorkeling\">\n\t\t\t\t\t<div class=\"information text-center p-1\">\n\n\t\t\t\t\t\t<div class=\"subtitle\">Top 10<\/div>\n\t\t\t\t\t\t<div class=\"title\">Plus belles plages pour le snorkeling<\/div>\n\t\t\t\t\t<\/div>\n\t\t\t\t\t<p class=\"p-2\">\n\t\t\t\t\t\tA la fois passionn\u00e9 de snorkeling et amateur de belles plages? Voici quelques uns des plus beaux endroits du monde pour passer la journ\u00e9e sur une plage paradisiaque, tout en s\u2019 [...]\t\t\t\t\t<\/p>\n\n\t\t\t\t<\/a>\n\n\t\t<\/div>\n\n\t\t\n\n\t\t\n\t\t<div class=\"col-lg-4 col-md-6 col-12 mb-3\">\n\t\t\t<a class=\"experience\"  href=\"https:\/\/www.snorkeling-report.com\/fr\/experience\/top10-spots-snorkeling-avec-des-poissons-anges\/\">\n\t\t\t\t\t<img decoding=\"async\" src=\"https:\/\/ecywgr22tt6.exactdn.com\/wp-content\/uploads\/2018\/11\/snorkeling-with-angelfish-1.jpg\" alt=\"Snorkeling avec des poissons-anges\">\n\t\t\t\t\t<div class=\"information text-center p-1\">\n\n\t\t\t\t\t\t<div class=\"subtitle\">Top 10<\/div>\n\t\t\t\t\t\t<div class=\"title\">Snorkeling avec des poissons-anges<\/div>\n\t\t\t\t\t<\/div>\n\t\t\t\t\t<p class=\"p-2\">\n\t\t\t\t\t\tAvec leurs couleurs vives et leurs motifs spectaculaires, les poissons-anges sont les joyaux des r\u00e9cifs coralliens. D\u2019un naturel paisible et peu farouche, \u00e9l\u00e9gants et color\u00e9s [...]\t\t\t\t\t<\/p>\n\n\t\t\t\t<\/a>\n\n\t\t<\/div>\n\n\t\t\n\n\t\t\n\t\t<div class=\"col-lg-4 col-md-6 col-12 mb-3\">\n\t\t\t<a class=\"experience\"  href=\"https:\/\/www.snorkeling-report.com\/fr\/experience\/top-10-best-resorts-with-house-reef-for-snorkeling\/\">\n\t\t\t\t\t<img decoding=\"async\" src=\"https:\/\/ecywgr22tt6.exactdn.com\/wp-content\/uploads\/2021\/01\/snorkeler-observing-a-sea-turtle-up-close-m.jpg\" alt=\"Meilleurs h\u00f4tels pour le snorkeling\">\n\t\t\t\t\t<div class=\"information text-center p-1\">\n\n\t\t\t\t\t\t<div class=\"subtitle\">Top 10<\/div>\n\t\t\t\t\t\t<div class=\"title\">Meilleurs h\u00f4tels pour le snorkeling<\/div>\n\t\t\t\t\t<\/div>\n\t\t\t\t\t<p class=\"p-2\">\n\t\t\t\t\t\tD\u00e9couvrez le Top10 des meilleurs resorts pour faire du palmes-masque-tuba propos\u00e9 par Snorkeling Report et Resort Snorkeller! Ceux-ci ont \u00e9t\u00e9 s\u00e9lectionn\u00e9s parmi plus de 450 ? [...]\t\t\t\t\t<\/p>\n\n\t\t\t\t<\/a>\n\n\t\t<\/div>\n\n\t\t\n\n\t\t\n\t<\/div>\n\n<\/div>\n\n<style>\n.experiencesListing .experience img {\n    width: 100%;\n    height: 400px;\n}\n<\/style>\n\n[\/vc_column][\/vc_row][vc_row][vc_column][vc_empty_space][\/vc_column][\/vc_row][vc_row full_width=\u00a0\u00bbstretch_row_content_no_spaces\u00a0\u00bb][vc_column][vc_column_text]    \n    <style type=\"text\/css\">footer {margin-top: 0!important;}<\/style>\n<div class=\"single-species\">\n  <div class=\"footerBlocks mt-3 pt-4\">\n\n  <div class=\"container\">\n\n    <div class=\"row\">\n\n      <div class=\"col-12 col-md-4 mb-3\">\n        <a href=\"https:\/\/trips.snorkeling-report.com\/fr\/\" target=\"_blank\">\n        <img decoding=\"async\" src=\"https:\/\/ecywgr22tt6.exactdn.com\/wp-content\/uploads\/2018\/11\/snorkeling-trips-1.jpeg?w=1920\" class=\"img-fluid borderRadius5\">\n        <p>Voyages snorkeling<\/p>\n        <\/a>\n      <\/div>\n      <div class=\"col-12 col-md-4 mb-3\">\n        <a href=\"https:\/\/www.snorkeling-report.com\/fr\/quest-ce-que-le-snorkeling\/\">\n        <img decoding=\"async\" src=\"https:\/\/ecywgr22tt6.exactdn.com\/wp-content\/uploads\/2020\/04\/discover-snorkeling.jpg?w=1920\" class=\"img-fluid borderRadius5\">\n        <p>D\u00e9couvrez le snorkeling<\/p>\n        <\/a>\n      <\/div>\n      <div class=\"col-12 col-md-4 mb-3\">\n        <a href=\"https:\/\/www.snorkeling-report.com\/fr\/meilleures-destinations-randonnee-palmee\/\">\n        <img decoding=\"async\" src=\"https:\/\/ecywgr22tt6.exactdn.com\/wp-content\/uploads\/2020\/04\/spots-atlas.jpg?w=1920\" class=\"img-fluid borderRadius5\">\n        <p>D\u00e9couvrez notre atlas mondial des spots de snorkeling<\/p>\n        <\/a>\n      <\/div>\n\n    <\/div>\n\n  <\/div>\n\n<\/div>\n<\/div>\n    [\/vc_column_text][vc_raw_js]JTNDc2NyaXB0JTIwdHlwZSUzRCUyMnRleHQlMkZqYXZhc2NyaXB0JTIyJTNFJTIwJTBBalF1ZXJ5JTI4JTIyaDElMjIlMjkucHJlcGVuZFRvJTI4JTIybWFpbiUyM21haW4lMjIlMjkuYXR0ciUyOCUyN2NsYXNzJTI3JTJDJTIybXktNSUyMHRleHQtY2VudGVyJTIyJTI5LnJlbW92ZUF0dHIlMjglMjdzdHlsZSUyNyUyOSUzQiUwQWpRdWVyeSUyOCUyMmgxJTIwc3BhbiUyMiUyOS5yZW1vdmVBdHRyJTI4JTIyc3R5bGUlMjIlMjklM0IlMEElMjAlM0MlMkZzY3JpcHQlM0U=[\/vc_raw_js][\/vc_column][\/vc_row]<\/p>\n<\/div>","protected":false},"excerpt":{"rendered":"<p>[vc_row][vc_column][vc_column_text]Vous avez toujours r\u00eav\u00e9 de nager avec des tortues, des raies ou des requins? Vous aimeriez observer des poissons-clowns, des poissons-anges ou des \u00e9toiles de mer en palmes-masque-tuba&nbsp;? D\u00e9couvrez nos Top10 des meilleurs spots pour vivre l\u2019exp\u00e9rience dont vous r\u00eavez. Choisissez l\u2019esp\u00e8ce que vous voulez voir, et nous vous indiquons sur quels spots de snorkeling [&hellip;]<\/p>\n","protected":false},"author":39,"featured_media":15296,"parent":0,"menu_order":0,"comment_status":"closed","ping_status":"closed","template":"","meta":{"_acf_changed":false,"footnotes":""},"class_list":["post-7776","page","type-page","status-publish","has-post-thumbnail","hentry"],"acf":[],"yoast_head":"<!-- This site is optimized with the Yoast SEO plugin v27.4 - https:\/\/yoast.com\/product\/yoast-seo-wordpress\/ -->\n<title>Vos plus belles exp\u00e9riences snorkeling | Snorkeling Report<\/title>\n<meta name=\"robots\" content=\"index, follow, max-snippet:-1, max-image-preview:large, max-video-preview:-1\" \/>\n<link rel=\"canonical\" href=\"https:\/\/www.snorkeling-report.com\/fr\/experiences\/\" \/>\n<meta property=\"og:locale\" content=\"fr_FR\" \/>\n<meta property=\"og:type\" content=\"article\" \/>\n<meta property=\"og:title\" content=\"Vos plus belles exp\u00e9riences snorkeling | Snorkeling Report\" \/>\n<meta property=\"og:description\" content=\"[vc_row][vc_column][vc_column_text]Vous avez toujours r\u00eav\u00e9 de nager avec des tortues, des raies ou des requins? Vous aimeriez observer des poissons-clowns, des poissons-anges ou des \u00e9toiles de mer en palmes-masque-tuba&nbsp;? D\u00e9couvrez nos Top10 des meilleurs spots pour vivre l\u2019exp\u00e9rience dont vous r\u00eavez. Choisissez l\u2019esp\u00e8ce que vous voulez voir, et nous vous indiquons sur quels spots de snorkeling [&hellip;]\" \/>\n<meta property=\"og:url\" content=\"https:\/\/www.snorkeling-report.com\/fr\/experiences\/\" \/>\n<meta property=\"og:site_name\" content=\"Snorkeling Report\" \/>\n<meta property=\"article:modified_time\" content=\"2023-07-16T08:35:13+00:00\" \/>\n<meta property=\"og:image\" content=\"https:\/\/www.snorkeling-report.com\/wp-content\/uploads\/2019\/04\/snorkeling-with-sharks.jpg\" \/>\n\t<meta property=\"og:image:width\" content=\"2400\" \/>\n\t<meta property=\"og:image:height\" content=\"661\" \/>\n\t<meta property=\"og:image:type\" content=\"image\/jpeg\" \/>\n<meta name=\"twitter:card\" content=\"summary_large_image\" \/>\n<meta name=\"twitter:label1\" content=\"Dur\u00e9e de lecture estim\u00e9e\" \/>\n\t<meta name=\"twitter:data1\" content=\"1 minute\" \/>\n<script type=\"application\/ld+json\" class=\"yoast-schema-graph\">{\"@context\":\"https:\\\/\\\/schema.org\",\"@graph\":[{\"@type\":\"WebPage\",\"@id\":\"https:\\\/\\\/www.snorkeling-report.com\\\/fr\\\/experiences\\\/\",\"url\":\"https:\\\/\\\/www.snorkeling-report.com\\\/fr\\\/experiences\\\/\",\"name\":\"Vos plus belles exp\u00e9riences snorkeling | Snorkeling Report\",\"isPartOf\":{\"@id\":\"https:\\\/\\\/www.snorkeling-report.com\\\/#website\"},\"primaryImageOfPage\":{\"@id\":\"https:\\\/\\\/www.snorkeling-report.com\\\/fr\\\/experiences\\\/#primaryimage\"},\"image\":{\"@id\":\"https:\\\/\\\/www.snorkeling-report.com\\\/fr\\\/experiences\\\/#primaryimage\"},\"thumbnailUrl\":\"https:\\\/\\\/ecywgr22tt6.exactdn.com\\\/wp-content\\\/uploads\\\/2019\\\/04\\\/snorkeling-with-sharks.jpg\",\"datePublished\":\"2019-01-05T17:38:56+00:00\",\"dateModified\":\"2023-07-16T08:35:13+00:00\",\"breadcrumb\":{\"@id\":\"https:\\\/\\\/www.snorkeling-report.com\\\/fr\\\/experiences\\\/#breadcrumb\"},\"inLanguage\":\"fr-FR\",\"potentialAction\":[{\"@type\":\"ReadAction\",\"target\":[\"https:\\\/\\\/www.snorkeling-report.com\\\/fr\\\/experiences\\\/\"]}]},{\"@type\":\"ImageObject\",\"inLanguage\":\"fr-FR\",\"@id\":\"https:\\\/\\\/www.snorkeling-report.com\\\/fr\\\/experiences\\\/#primaryimage\",\"url\":\"https:\\\/\\\/ecywgr22tt6.exactdn.com\\\/wp-content\\\/uploads\\\/2019\\\/04\\\/snorkeling-with-sharks.jpg\",\"contentUrl\":\"https:\\\/\\\/ecywgr22tt6.exactdn.com\\\/wp-content\\\/uploads\\\/2019\\\/04\\\/snorkeling-with-sharks.jpg\",\"width\":2400,\"height\":661,\"caption\":\"Les meilleurs spots de snorkeling pour voir des requins\"},{\"@type\":\"BreadcrumbList\",\"@id\":\"https:\\\/\\\/www.snorkeling-report.com\\\/fr\\\/experiences\\\/#breadcrumb\",\"itemListElement\":[{\"@type\":\"ListItem\",\"position\":1,\"name\":\"Accueil\",\"item\":\"https:\\\/\\\/www.snorkeling-report.com\\\/fr\\\/\"},{\"@type\":\"ListItem\",\"position\":2,\"name\":\"Vos plus belles exp\u00e9riences snorkeling\"}]},{\"@type\":\"WebSite\",\"@id\":\"https:\\\/\\\/www.snorkeling-report.com\\\/#website\",\"url\":\"https:\\\/\\\/www.snorkeling-report.com\\\/\",\"name\":\"Snorkeling Report\",\"description\":\"Le guide des meilleurs spots de Snorkeling\",\"potentialAction\":[{\"@type\":\"SearchAction\",\"target\":{\"@type\":\"EntryPoint\",\"urlTemplate\":\"https:\\\/\\\/www.snorkeling-report.com\\\/?s={search_term_string}\"},\"query-input\":{\"@type\":\"PropertyValueSpecification\",\"valueRequired\":true,\"valueName\":\"search_term_string\"}}],\"inLanguage\":\"fr-FR\"}]}<\/script>\n<!-- \/ Yoast SEO plugin. -->","yoast_head_json":{"title":"Vos plus belles exp\u00e9riences snorkeling | Snorkeling Report","robots":{"index":"index","follow":"follow","max-snippet":"max-snippet:-1","max-image-preview":"max-image-preview:large","max-video-preview":"max-video-preview:-1"},"canonical":"https:\/\/www.snorkeling-report.com\/fr\/experiences\/","og_locale":"fr_FR","og_type":"article","og_title":"Vos plus belles exp\u00e9riences snorkeling | Snorkeling Report","og_description":"[vc_row][vc_column][vc_column_text]Vous avez toujours r\u00eav\u00e9 de nager avec des tortues, des raies ou des requins? Vous aimeriez observer des poissons-clowns, des poissons-anges ou des \u00e9toiles de mer en palmes-masque-tuba&nbsp;? D\u00e9couvrez nos Top10 des meilleurs spots pour vivre l\u2019exp\u00e9rience dont vous r\u00eavez. Choisissez l\u2019esp\u00e8ce que vous voulez voir, et nous vous indiquons sur quels spots de snorkeling [&hellip;]","og_url":"https:\/\/www.snorkeling-report.com\/fr\/experiences\/","og_site_name":"Snorkeling Report","article_modified_time":"2023-07-16T08:35:13+00:00","og_image":[{"width":2400,"height":661,"url":"https:\/\/www.snorkeling-report.com\/wp-content\/uploads\/2019\/04\/snorkeling-with-sharks.jpg","type":"image\/jpeg"}],"twitter_card":"summary_large_image","twitter_misc":{"Dur\u00e9e de lecture estim\u00e9e":"1 minute"},"schema":{"@context":"https:\/\/schema.org","@graph":[{"@type":"WebPage","@id":"https:\/\/www.snorkeling-report.com\/fr\/experiences\/","url":"https:\/\/www.snorkeling-report.com\/fr\/experiences\/","name":"Vos plus belles exp\u00e9riences snorkeling | Snorkeling Report","isPartOf":{"@id":"https:\/\/www.snorkeling-report.com\/#website"},"primaryImageOfPage":{"@id":"https:\/\/www.snorkeling-report.com\/fr\/experiences\/#primaryimage"},"image":{"@id":"https:\/\/www.snorkeling-report.com\/fr\/experiences\/#primaryimage"},"thumbnailUrl":"https:\/\/ecywgr22tt6.exactdn.com\/wp-content\/uploads\/2019\/04\/snorkeling-with-sharks.jpg","datePublished":"2019-01-05T17:38:56+00:00","dateModified":"2023-07-16T08:35:13+00:00","breadcrumb":{"@id":"https:\/\/www.snorkeling-report.com\/fr\/experiences\/#breadcrumb"},"inLanguage":"fr-FR","potentialAction":[{"@type":"ReadAction","target":["https:\/\/www.snorkeling-report.com\/fr\/experiences\/"]}]},{"@type":"ImageObject","inLanguage":"fr-FR","@id":"https:\/\/www.snorkeling-report.com\/fr\/experiences\/#primaryimage","url":"https:\/\/ecywgr22tt6.exactdn.com\/wp-content\/uploads\/2019\/04\/snorkeling-with-sharks.jpg","contentUrl":"https:\/\/ecywgr22tt6.exactdn.com\/wp-content\/uploads\/2019\/04\/snorkeling-with-sharks.jpg","width":2400,"height":661,"caption":"Les meilleurs spots de snorkeling pour voir des requins"},{"@type":"BreadcrumbList","@id":"https:\/\/www.snorkeling-report.com\/fr\/experiences\/#breadcrumb","itemListElement":[{"@type":"ListItem","position":1,"name":"Accueil","item":"https:\/\/www.snorkeling-report.com\/fr\/"},{"@type":"ListItem","position":2,"name":"Vos plus belles exp\u00e9riences snorkeling"}]},{"@type":"WebSite","@id":"https:\/\/www.snorkeling-report.com\/#website","url":"https:\/\/www.snorkeling-report.com\/","name":"Snorkeling Report","description":"Le guide des meilleurs spots de Snorkeling","potentialAction":[{"@type":"SearchAction","target":{"@type":"EntryPoint","urlTemplate":"https:\/\/www.snorkeling-report.com\/?s={search_term_string}"},"query-input":{"@type":"PropertyValueSpecification","valueRequired":true,"valueName":"search_term_string"}}],"inLanguage":"fr-FR"}]}},"_links":{"self":[{"href":"https:\/\/www.snorkeling-report.com\/fr\/wp-json\/wp\/v2\/pages\/7776","targetHints":{"allow":["GET"]}}],"collection":[{"href":"https:\/\/www.snorkeling-report.com\/fr\/wp-json\/wp\/v2\/pages"}],"about":[{"href":"https:\/\/www.snorkeling-report.com\/fr\/wp-json\/wp\/v2\/types\/page"}],"author":[{"embeddable":true,"href":"https:\/\/www.snorkeling-report.com\/fr\/wp-json\/wp\/v2\/users\/39"}],"replies":[{"embeddable":true,"href":"https:\/\/www.snorkeling-report.com\/fr\/wp-json\/wp\/v2\/comments?post=7776"}],"version-history":[{"count":0,"href":"https:\/\/www.snorkeling-report.com\/fr\/wp-json\/wp\/v2\/pages\/7776\/revisions"}],"wp:featuredmedia":[{"embeddable":true,"href":"https:\/\/www.snorkeling-report.com\/fr\/wp-json\/wp\/v2\/media\/15296"}],"wp:attachment":[{"href":"https:\/\/www.snorkeling-report.com\/fr\/wp-json\/wp\/v2\/media?parent=7776"}],"curies":[{"name":"wp","href":"https:\/\/api.w.org\/{rel}","templated":true}]}}