{"id":48820,"date":"2022-03-14T18:29:48","date_gmt":"2022-03-14T17:29:48","guid":{"rendered":"https:\/\/fcae008a1c.nxcli.io\/?page_id=48820"},"modified":"2022-03-14T19:04:08","modified_gmt":"2022-03-14T18:04:08","slug":"48820-2","status":"publish","type":"page","link":"https:\/\/www.snorkeling-report.com\/fr\/48820-2\/","title":{"rendered":""},"content":{"rendered":"<div class=\"wpb-content-wrapper\"><p>[vc_row][vc_column][vc_empty_space height=\u00a0\u00bb15px\u00a0\u00bb][vc_column_text]<\/p>\n<h2 style=\"font-size: 40px; color: #212121;\"><strong>Voyage snorkeling et d\u00e9couverte en Guadeloupe<\/strong><\/h2>\n<h2 style=\"font-size: 20px; color: #212121;\"><strong>8 jours\/7 nuits&nbsp; &nbsp; &nbsp; &nbsp; &nbsp; &nbsp; &nbsp;Autotour&nbsp; &nbsp; &nbsp; &nbsp; &nbsp; &nbsp; &nbsp; &nbsp;D\u00e9parts toute l&rsquo;ann\u00e9e<\/strong><\/h2>\n<p><em><strong>(note snorkeling)<\/strong><\/em>[\/vc_column_text][vc_column_text]<\/p>\n<p class=\"p1\"><span class=\"s1\">La Guadeloupe est un archipel avec 5 iles \u00e0 d\u00e9couvrir : Grande terre (montagneuse, plus humide) et basse terre (plaines arides), les saintes (f\u00e9\u00e9rique&#8230;), Marie Galante (plaines aride, pr\u00e9serv\u00e9e) et la D\u00e9sirade (longue \u00e9tendue pr\u00e9serv\u00e9e).<\/span><\/p>\n<p>[\/vc_column_text][vc_single_image image=\u00a0\u00bb48827&Prime; img_size=\u00a0\u00bbfull\u00a0\u00bb alignment=\u00a0\u00bbcenter\u00a0\u00bb][vc_column_text]<span style=\"font-size: 12px;\">La rencontre avec les requins de Petite Terre sera \u00e0 coup s\u00fbr l&rsquo;un des temps forts de votre voyage.<\/span>[\/vc_column_text][vc_column_text]Un large choix d&rsquo;activit\u00e9s : en mer pour admirer de nombreuses esp\u00e8ces de coraux, de poissons tropicaux et de tortues marines et sur terre a la d\u00e9couverte de foret tropicale, cascade, montagne et d&rsquo;un littoral pr\u00e9serv\u00e9.<\/p>\n<p>De l&rsquo;artisanat \u00e0 la gastronomie en passant par la musique et l&rsquo;esprit de f\u00eate, la culture antillaise participera largement \u00e0 faire de vos vacances en Guadeloupe un souvenir m\u00e9morable.[\/vc_column_text][\/vc_column][\/vc_row][vc_row][vc_column width=\u00a0\u00bb1\/2&Prime;][vc_single_image image=\u00a0\u00bb48968&Prime; img_size=\u00a0\u00bbfull\u00a0\u00bb][\/vc_column][vc_column width=\u00a0\u00bb1\/2&Prime;][vc_single_image image=\u00a0\u00bb48957&Prime; img_size=\u00a0\u00bbfull\u00a0\u00bb][\/vc_column][\/vc_row][vc_row][vc_column][vc_column_text]<\/p>\n<h2 style=\"font-size: 28px; color: #212121;\"><strong>Itin\u00e9raire<\/strong><\/h2>\n<p class=\"p1\">Nous vous pr\u00e9sentons ici un itin\u00e9raire standard qui vous permettra de d\u00e9couvrir toutes les merveilles sous-marines de Guadeloupe, ainsi que les plus beaux sites culturels et naturels de l&rsquo;archipel. Tous nos itin\u00e9raires sont 100% personnalisables.<\/p>\n<p>[\/vc_column_text][vc_single_image image=\u00a0\u00bb48825&Prime; img_size=\u00a0\u00bbfull\u00a0\u00bb][vc_column_text]<\/p>\n<p class=\"p1\">Cet itin\u00e9raire permet d&rsquo;explorer 12 spots de snorkeling, dont les plus embl\u00e9matiques de la destination: la r\u00e9serve naturelle de <strong>Petite Terre<\/strong>, connue pour ses iguanes, requins et tortues, ainsi que <strong>Malendure et les \u00celets Pigeon<\/strong>, ou R\u00e9serve Cousteau, qui abrite les plus beaux r\u00e9cifs de l&rsquo;\u00eele et de nombreuses tortues marines.<\/p>\n<p>[\/vc_column_text][\/vc_column][\/vc_row][vc_row][vc_column width=\u00a0\u00bb1\/3&Prime;][vc_column_text]JOUR 1[\/vc_column_text][vc_column_text]<\/p>\n<h2 style=\"font-size: 20px; color: #212121;\"><strong>La Pointe des Ch\u00e2teaux<\/strong><\/h2>\n<p>[\/vc_column_text][vc_single_image image=\u00a0\u00bb48961&Prime; img_size=\u00a0\u00bbfull\u00a0\u00bb alignment=\u00a0\u00bbcenter\u00a0\u00bb][vc_column_text]Le matin, visite de Pointe \u00e0 Pitre avec son march\u00e9 et son vieux centre. L&rsquo;apr\u00e8s-midi, visite de la Pointe des Ch\u00e2teaux apr\u00e8s une bronzette \u00e0 la plage de Tarare.[\/vc_column_text][\/vc_column][vc_column width=\u00a0\u00bb1\/3&Prime;][vc_column_text]JOUR 2[\/vc_column_text][vc_column_text]<\/p>\n<h2 style=\"font-size: 20px; color: #212121;\"><strong>La Plage du Souffleur<\/strong><\/h2>\n<p>[\/vc_column_text][vc_single_image image=\u00a0\u00bb48959&Prime; img_size=\u00a0\u00bbfull\u00a0\u00bb alignment=\u00a0\u00bbcenter\u00a0\u00bb][vc_column_text]Le matin, visite de Pointe \u00e0 Pitre avec son march\u00e9 et son vieux centre. L&rsquo;apr\u00e8s-midi, visite de la Pointe des Ch\u00e2teaux apr\u00e8s une bronzette \u00e0 la plage de Tarare.[\/vc_column_text][\/vc_column][vc_column width=\u00a0\u00bb1\/3&Prime;][vc_column_text]JOUR 3[\/vc_column_text][vc_column_text]<\/p>\n<h2 style=\"font-size: 20px; color: #212121;\"><strong>Malendure et la R\u00e9serve Cousteau<\/strong><\/h2>\n<p>[\/vc_column_text][vc_single_image image=\u00a0\u00bb48957&Prime; img_size=\u00a0\u00bbfull\u00a0\u00bb alignment=\u00a0\u00bbcenter\u00a0\u00bb][vc_column_text]Le matin, visite de Pointe \u00e0 Pitre avec son march\u00e9 et son vieux centre. L&rsquo;apr\u00e8s-midi, visite de la Pointe des Ch\u00e2teaux apr\u00e8s une bronzette \u00e0 la plage de Tarare.[\/vc_column_text][\/vc_column][\/vc_row][vc_row][vc_column width=\u00a0\u00bb1\/3&Prime;][vc_column_text]JOUR 4[\/vc_column_text][vc_column_text]<\/p>\n<h2 style=\"font-size: 20px; color: #212121;\"><strong>Les Saintes<\/strong><\/h2>\n<p>[\/vc_column_text][vc_single_image image=\u00a0\u00bb48965&Prime; img_size=\u00a0\u00bbfull\u00a0\u00bb alignment=\u00a0\u00bbcenter\u00a0\u00bb][vc_column_text]Le matin, visite de Pointe \u00e0 Pitre avec son march\u00e9 et son vieux centre. L&rsquo;apr\u00e8s-midi, visite de la Pointe des Ch\u00e2teaux apr\u00e8s une bronzette \u00e0 la plage de Tarare.[\/vc_column_text][\/vc_column][vc_column width=\u00a0\u00bb1\/3&Prime;][vc_column_text]JOUR 5[\/vc_column_text][vc_column_text]<\/p>\n<h2 style=\"font-size: 20px; color: #212121;\"><strong>Sainte-Anne<\/strong><\/h2>\n<p>[\/vc_column_text][vc_single_image image=\u00a0\u00bb48968&Prime; img_size=\u00a0\u00bbfull\u00a0\u00bb alignment=\u00a0\u00bbcenter\u00a0\u00bb][vc_column_text]Le matin, visite de Pointe \u00e0 Pitre avec son march\u00e9 et son vieux centre. L&rsquo;apr\u00e8s-midi, visite de la Pointe des Ch\u00e2teaux apr\u00e8s une bronzette \u00e0 la plage de Tarare.[\/vc_column_text][\/vc_column][vc_column width=\u00a0\u00bb1\/3&Prime;][vc_column_text]JOUR 6[\/vc_column_text][vc_column_text]<\/p>\n<h2 style=\"font-size: 20px; color: #212121;\"><strong>Les \u00celets de Petite Terre<\/strong><\/h2>\n<p>[\/vc_column_text][vc_single_image image=\u00a0\u00bb48963&Prime; img_size=\u00a0\u00bbfull\u00a0\u00bb alignment=\u00a0\u00bbcenter\u00a0\u00bb][vc_column_text]Le matin, visite de Pointe \u00e0 Pitre avec son march\u00e9 et son vieux centre. L&rsquo;apr\u00e8s-midi, visite de la Pointe des Ch\u00e2teaux apr\u00e8s une bronzette \u00e0 la plage de Tarare.[\/vc_column_text][\/vc_column][\/vc_row][vc_row][vc_column][vc_column_text]<\/p>\n<p style=\"text-align: center;\"><b>Vous souhaitez personnaliser ce voyage? Prenez contact sans attendre avec notre travel planner!<\/b><\/p>\n<p>[\/vc_column_text][vc_btn title=\u00a0\u00bbCONTACTEZ NOUS\u00a0\u00bb align=\u00a0\u00bbcenter\u00a0\u00bb][vc_separator color=\u00a0\u00bbcustom\u00a0\u00bb accent_color=\u00a0\u00bb#3e5584&Prime;][\/vc_column][\/vc_row][vc_row][vc_column][vc_column_text]<\/p>\n<h2 style=\"font-size: 23px; color: #212121;\"><strong>Ce voyage comprend:<\/strong><\/h2>\n<ul>\n<li class=\"p1\">Vos billets d&rsquo;avion depuis votre lieu de r\u00e9sidence<\/li>\n<li>Tous les h\u00e9bergements sur votre parcours, \u00e0 Sainte-Anne et Capesterre<\/li>\n<li>Un v\u00e9hicule de location, afin de profiter de l&rsquo;\u00eele en toute libert\u00e9<\/li>\n<li>Les trajets en bateau vers les Saintes, Petite Terre et Marie Galante<\/li>\n<li>Toutes les excursions snorkeling guid\u00e9es mentionn\u00e9es dans l&rsquo;itin\u00e9raire: excursion d&rsquo;une journ\u00e9e (avec repas) \u00e0 Petite Terre et d&rsquo;une demi-journ\u00e9e au Grand Cul-de-Sac Marin<\/li>\n<\/ul>\n<p>[\/vc_column_text][vc_single_image image=\u00a0\u00bb48827&Prime; img_size=\u00a0\u00bbfull\u00a0\u00bb alignment=\u00a0\u00bbcenter\u00a0\u00bb][vc_column_text]<\/p>\n<h2 style=\"font-size: 23px; color: #212121;\"><strong>Infos pratiques<\/strong><\/h2>\n<p><strong>Y ALLER<\/strong><\/p>\n<div id=\"comp-js0n5l6i\" class=\"_1Q9if\" data-testid=\"richTextElement\">\n<p class=\"font_8\">On y acc\u00e8de depuis l&rsquo;Europe en avion. Il faut compter entre 8h30 et 9h30 de vol depuis Paris. De nombreuses compagnie proposent des vols direct allant de 200\u20ac \u00e0 1000\u20ac.<\/p>\n<p><strong>TRANSPORT<\/strong><\/p>\n<div id=\"comp-js0n5l6x\" class=\"_1Q9if\" data-testid=\"richTextElement\">\n<p class=\"font_8\">Il y a des lignes de bus en guadeloupe. Le plus simple reste de louer une voiture sur place (assez cher et de qualit\u00e9 m\u00e9diocre, attention \u00e0 bien laver sa voiture avant de la restituer). Pour Marie galante vous pourrez \u00e9galement louer une voiture. Pour les sainte un v\u00e9lo ou une voiturette \u00e9lectrique vous permettrons de vous d\u00e9placer facilement.<\/p>\n<\/div>\n<\/div>\n<p>[\/vc_column_text][\/vc_column][\/vc_row][vc_row][vc_column][vc_separator color=\u00a0\u00bbcustom\u00a0\u00bb accent_color=\u00a0\u00bb#3e5584&Prime;][\/vc_column][\/vc_row]<\/p>\n<\/div>","protected":false},"excerpt":{"rendered":"<p>[vc_row][vc_column][vc_empty_space height=\u00a0\u00bb15px\u00a0\u00bb][vc_column_text] Voyage snorkeling et d\u00e9couverte en Guadeloupe 8 jours\/7 nuits&nbsp; &nbsp; &nbsp; &nbsp; &nbsp; &nbsp; &nbsp;Autotour&nbsp; &nbsp; &nbsp; &nbsp; &nbsp; &nbsp; &nbsp; &nbsp;D\u00e9parts toute l&rsquo;ann\u00e9e (note snorkeling)[\/vc_column_text][vc_column_text] La Guadeloupe est un archipel avec 5 iles \u00e0 d\u00e9couvrir : Grande terre (montagneuse, plus humide) et basse terre (plaines arides), les saintes (f\u00e9\u00e9rique&#8230;), Marie Galante (plaines [&hellip;]<\/p>\n","protected":false},"author":661,"featured_media":48822,"parent":0,"menu_order":0,"comment_status":"closed","ping_status":"closed","template":"","meta":{"_acf_changed":false,"footnotes":""},"class_list":["post-48820","page","type-page","status-publish","has-post-thumbnail","hentry"],"acf":[],"yoast_head":"<!-- This site is optimized with the Yoast SEO plugin v27.3 - https:\/\/yoast.com\/product\/yoast-seo-wordpress\/ -->\n<title>| Snorkeling Report<\/title>\n<meta name=\"robots\" content=\"index, follow, max-snippet:-1, max-image-preview:large, max-video-preview:-1\" \/>\n<link rel=\"canonical\" href=\"https:\/\/www.snorkeling-report.com\/fr\/48820-2\/\" \/>\n<meta property=\"og:locale\" content=\"fr_FR\" \/>\n<meta property=\"og:type\" content=\"article\" \/>\n<meta property=\"og:title\" content=\"| Snorkeling Report\" \/>\n<meta property=\"og:description\" content=\"[vc_row][vc_column][vc_empty_space height=\u00a0\u00bb15px\u00a0\u00bb][vc_column_text] Voyage snorkeling et d\u00e9couverte en Guadeloupe 8 jours\/7 nuits&nbsp; &nbsp; &nbsp; &nbsp; &nbsp; &nbsp; &nbsp;Autotour&nbsp; &nbsp; &nbsp; &nbsp; &nbsp; &nbsp; &nbsp; &nbsp;D\u00e9parts toute l&rsquo;ann\u00e9e (note snorkeling)[\/vc_column_text][vc_column_text] La Guadeloupe est un archipel avec 5 iles \u00e0 d\u00e9couvrir : Grande terre (montagneuse, plus humide) et basse terre (plaines arides), les saintes (f\u00e9\u00e9rique&#8230;), Marie Galante (plaines [&hellip;]\" \/>\n<meta property=\"og:url\" content=\"https:\/\/www.snorkeling-report.com\/fr\/48820-2\/\" \/>\n<meta property=\"og:site_name\" content=\"Snorkeling Report\" \/>\n<meta property=\"article:modified_time\" content=\"2022-03-14T18:04:08+00:00\" \/>\n<meta property=\"og:image\" content=\"https:\/\/www.snorkeling-report.com\/wp-content\/uploads\/2022\/03\/snorkeling-guadeloupe-islands.jpg\" \/>\n\t<meta property=\"og:image:width\" content=\"2400\" \/>\n\t<meta property=\"og:image:height\" content=\"659\" \/>\n\t<meta property=\"og:image:type\" content=\"image\/jpeg\" \/>\n<meta name=\"twitter:card\" content=\"summary_large_image\" \/>\n<meta name=\"twitter:label1\" content=\"Dur\u00e9e de lecture estim\u00e9e\" \/>\n\t<meta name=\"twitter:data1\" content=\"5 minutes\" \/>\n<script type=\"application\/ld+json\" class=\"yoast-schema-graph\">{\"@context\":\"https:\\\/\\\/schema.org\",\"@graph\":[{\"@type\":\"WebPage\",\"@id\":\"https:\\\/\\\/www.snorkeling-report.com\\\/fr\\\/48820-2\\\/\",\"url\":\"https:\\\/\\\/www.snorkeling-report.com\\\/fr\\\/48820-2\\\/\",\"name\":\"| Snorkeling Report\",\"isPartOf\":{\"@id\":\"https:\\\/\\\/www.snorkeling-report.com\\\/#website\"},\"primaryImageOfPage\":{\"@id\":\"https:\\\/\\\/www.snorkeling-report.com\\\/fr\\\/48820-2\\\/#primaryimage\"},\"image\":{\"@id\":\"https:\\\/\\\/www.snorkeling-report.com\\\/fr\\\/48820-2\\\/#primaryimage\"},\"thumbnailUrl\":\"https:\\\/\\\/ecywgr22tt6.exactdn.com\\\/wp-content\\\/uploads\\\/2022\\\/03\\\/snorkeling-guadeloupe-islands.jpg\",\"datePublished\":\"2022-03-14T17:29:48+00:00\",\"dateModified\":\"2022-03-14T18:04:08+00:00\",\"inLanguage\":\"fr-FR\",\"potentialAction\":[{\"@type\":\"ReadAction\",\"target\":[\"https:\\\/\\\/www.snorkeling-report.com\\\/fr\\\/48820-2\\\/\"]}]},{\"@type\":\"ImageObject\",\"inLanguage\":\"fr-FR\",\"@id\":\"https:\\\/\\\/www.snorkeling-report.com\\\/fr\\\/48820-2\\\/#primaryimage\",\"url\":\"https:\\\/\\\/ecywgr22tt6.exactdn.com\\\/wp-content\\\/uploads\\\/2022\\\/03\\\/snorkeling-guadeloupe-islands.jpg\",\"contentUrl\":\"https:\\\/\\\/ecywgr22tt6.exactdn.com\\\/wp-content\\\/uploads\\\/2022\\\/03\\\/snorkeling-guadeloupe-islands.jpg\",\"width\":2400,\"height\":659},{\"@type\":\"WebSite\",\"@id\":\"https:\\\/\\\/www.snorkeling-report.com\\\/#website\",\"url\":\"https:\\\/\\\/www.snorkeling-report.com\\\/\",\"name\":\"Snorkeling Report\",\"description\":\"Le guide des meilleurs spots de Snorkeling\",\"potentialAction\":[{\"@type\":\"SearchAction\",\"target\":{\"@type\":\"EntryPoint\",\"urlTemplate\":\"https:\\\/\\\/www.snorkeling-report.com\\\/?s={search_term_string}\"},\"query-input\":{\"@type\":\"PropertyValueSpecification\",\"valueRequired\":true,\"valueName\":\"search_term_string\"}}],\"inLanguage\":\"fr-FR\"}]}<\/script>\n<!-- \/ Yoast SEO plugin. -->","yoast_head_json":{"title":"| Snorkeling Report","robots":{"index":"index","follow":"follow","max-snippet":"max-snippet:-1","max-image-preview":"max-image-preview:large","max-video-preview":"max-video-preview:-1"},"canonical":"https:\/\/www.snorkeling-report.com\/fr\/48820-2\/","og_locale":"fr_FR","og_type":"article","og_title":"| Snorkeling Report","og_description":"[vc_row][vc_column][vc_empty_space height=\u00a0\u00bb15px\u00a0\u00bb][vc_column_text] Voyage snorkeling et d\u00e9couverte en Guadeloupe 8 jours\/7 nuits&nbsp; &nbsp; &nbsp; &nbsp; &nbsp; &nbsp; &nbsp;Autotour&nbsp; &nbsp; &nbsp; &nbsp; &nbsp; &nbsp; &nbsp; &nbsp;D\u00e9parts toute l&rsquo;ann\u00e9e (note snorkeling)[\/vc_column_text][vc_column_text] La Guadeloupe est un archipel avec 5 iles \u00e0 d\u00e9couvrir : Grande terre (montagneuse, plus humide) et basse terre (plaines arides), les saintes (f\u00e9\u00e9rique&#8230;), Marie Galante (plaines [&hellip;]","og_url":"https:\/\/www.snorkeling-report.com\/fr\/48820-2\/","og_site_name":"Snorkeling Report","article_modified_time":"2022-03-14T18:04:08+00:00","og_image":[{"width":2400,"height":659,"url":"https:\/\/www.snorkeling-report.com\/wp-content\/uploads\/2022\/03\/snorkeling-guadeloupe-islands.jpg","type":"image\/jpeg"}],"twitter_card":"summary_large_image","twitter_misc":{"Dur\u00e9e de lecture estim\u00e9e":"5 minutes"},"schema":{"@context":"https:\/\/schema.org","@graph":[{"@type":"WebPage","@id":"https:\/\/www.snorkeling-report.com\/fr\/48820-2\/","url":"https:\/\/www.snorkeling-report.com\/fr\/48820-2\/","name":"| Snorkeling Report","isPartOf":{"@id":"https:\/\/www.snorkeling-report.com\/#website"},"primaryImageOfPage":{"@id":"https:\/\/www.snorkeling-report.com\/fr\/48820-2\/#primaryimage"},"image":{"@id":"https:\/\/www.snorkeling-report.com\/fr\/48820-2\/#primaryimage"},"thumbnailUrl":"https:\/\/ecywgr22tt6.exactdn.com\/wp-content\/uploads\/2022\/03\/snorkeling-guadeloupe-islands.jpg","datePublished":"2022-03-14T17:29:48+00:00","dateModified":"2022-03-14T18:04:08+00:00","inLanguage":"fr-FR","potentialAction":[{"@type":"ReadAction","target":["https:\/\/www.snorkeling-report.com\/fr\/48820-2\/"]}]},{"@type":"ImageObject","inLanguage":"fr-FR","@id":"https:\/\/www.snorkeling-report.com\/fr\/48820-2\/#primaryimage","url":"https:\/\/ecywgr22tt6.exactdn.com\/wp-content\/uploads\/2022\/03\/snorkeling-guadeloupe-islands.jpg","contentUrl":"https:\/\/ecywgr22tt6.exactdn.com\/wp-content\/uploads\/2022\/03\/snorkeling-guadeloupe-islands.jpg","width":2400,"height":659},{"@type":"WebSite","@id":"https:\/\/www.snorkeling-report.com\/#website","url":"https:\/\/www.snorkeling-report.com\/","name":"Snorkeling Report","description":"Le guide des meilleurs spots de Snorkeling","potentialAction":[{"@type":"SearchAction","target":{"@type":"EntryPoint","urlTemplate":"https:\/\/www.snorkeling-report.com\/?s={search_term_string}"},"query-input":{"@type":"PropertyValueSpecification","valueRequired":true,"valueName":"search_term_string"}}],"inLanguage":"fr-FR"}]}},"_links":{"self":[{"href":"https:\/\/www.snorkeling-report.com\/fr\/wp-json\/wp\/v2\/pages\/48820","targetHints":{"allow":["GET"]}}],"collection":[{"href":"https:\/\/www.snorkeling-report.com\/fr\/wp-json\/wp\/v2\/pages"}],"about":[{"href":"https:\/\/www.snorkeling-report.com\/fr\/wp-json\/wp\/v2\/types\/page"}],"author":[{"embeddable":true,"href":"https:\/\/www.snorkeling-report.com\/fr\/wp-json\/wp\/v2\/users\/661"}],"replies":[{"embeddable":true,"href":"https:\/\/www.snorkeling-report.com\/fr\/wp-json\/wp\/v2\/comments?post=48820"}],"version-history":[{"count":0,"href":"https:\/\/www.snorkeling-report.com\/fr\/wp-json\/wp\/v2\/pages\/48820\/revisions"}],"wp:featuredmedia":[{"embeddable":true,"href":"https:\/\/www.snorkeling-report.com\/fr\/wp-json\/wp\/v2\/media\/48822"}],"wp:attachment":[{"href":"https:\/\/www.snorkeling-report.com\/fr\/wp-json\/wp\/v2\/media?parent=48820"}],"curies":[{"name":"wp","href":"https:\/\/api.w.org\/{rel}","templated":true}]}}