{"id":21873,"date":"2019-12-14T09:11:16","date_gmt":"2019-12-14T08:11:16","guid":{"rendered":"https:\/\/fcae008a1c.nxcli.io\/?page_id=21873"},"modified":"2020-10-24T10:53:41","modified_gmt":"2020-10-24T08:53:41","slug":"boutique-randonnee-palmee","status":"publish","type":"page","link":"https:\/\/www.snorkeling-report.com\/fr\/boutique-randonnee-palmee\/","title":{"rendered":"Materiel snorkeling"},"content":{"rendered":"<div class=\"wpb-content-wrapper\"><p>[vc_row][vc_column][vc_empty_space height=\u00a0\u00bb15px\u00a0\u00bb][vc_column_text]<\/p>\n<h2 style=\"font-size: 30px; color: #263066;\">D\u00e9couvrez notre s\u00e9lection d\u2019articles pour la pratique du palmes-masque-tuba!<\/h2>\n<h2 style=\"font-size: 18px; color: #585656;\">On appr\u00e9cie encore plus ses sessions palmes-masque-tuba quand on est bien \u00e9quip\u00e9 ! Pour des raisons de confort, mais aussi de s\u00e9curit\u00e9, il est important d\u2019avoir un mat\u00e9riel adapt\u00e9 \u00e0 sa pratique du snorkeling, \u00e0 son niveau, mais aussi \u00e0 la temp\u00e9rature de l\u2019eau et aux environnements que l\u2019on explore.<\/h2>\n<p>[\/vc_column_text][vc_empty_space height=\u00a0\u00bb15px\u00a0\u00bb][vc_separator el_class=\u00a0\u00bbmasques-classiques\u00a0\u00bb][\/vc_column][\/vc_row][vc_row][vc_column width=\u00a0\u00bb1\/3&Prime;][vc_single_image image=\u00a0\u00bb33829&Prime; img_size=\u00a0\u00bbfull\u00a0\u00bb alignment=\u00a0\u00bbcenter\u00a0\u00bb onclick=\u00a0\u00bbcustom_link\u00a0\u00bb link=\u00a0\u00bbhttps:\/\/snorkeling-report.com\/fr\/choisir-equipement-snorkeling\/\u00a0\u00bb][\/vc_column][vc_column width=\u00a0\u00bb2\/3&Prime;][vc_column_text]<\/p>\n<h2 style=\"font-size: 23px; color: #1276bd;\">Notre s\u00e9lection des meilleurs masques pour le snorkeling<\/h2>\n<p><strong>Le masque, qui permet de voir sous l\u2019eau, est la pi\u00e8ce ma\u00eetresse de notre \u00e9quipement de snorkeling.<\/strong> Et choisir le masque qu&rsquo;il nous faut est parfois un vrai challenge! Masque classique ou int\u00e9gral, verres, mati\u00e8res, couleur de la jupe&#8230; On vous dit tout sur <strong>les param\u00e8tres \u00e0 prendre en compte pour faire le bon choix<\/strong>.[\/vc_column_text]<div class=\"vcButton text-center\">\r\n\t\t<a href=\"https:\/\/snorkeling-report.com\/fr\/choisir-equipement-snorkeling\/\" class=\"btn btn-sk\">\r\n\t\tVoir nos conseils\t<\/a>\r\n<\/div>\r\n[\/vc_column][\/vc_row][vc_row][vc_column][vc_separator][\/vc_column][\/vc_row][vc_row][vc_column width=\u00a0\u00bb1\/3&Prime;][vc_single_image image=\u00a0\u00bb33827&Prime; img_size=\u00a0\u00bbfull\u00a0\u00bb alignment=\u00a0\u00bbcenter\u00a0\u00bb onclick=\u00a0\u00bbcustom_link\u00a0\u00bb link=\u00a0\u00bbhttps:\/\/snorkeling-report.com\/fr\/palmes\/\u00a0\u00bb][\/vc_column][vc_column width=\u00a0\u00bb2\/3&Prime;][vc_column_text]<\/p>\n<h2 style=\"font-size: 23px; color: #1276bd;\">Choisir des palmes adapt\u00e9es \u00e0 votre pratique du snorkeling<\/h2>\n<p>Les palmes sont <strong>un \u00e9quipement indispensable pour se d\u00e9placer facilement dans l\u2019eau<\/strong> et parcourir de belles distances, en qu\u00eate des plus beaux paysages sous-marins. <strong>Elles participent \u00e9galement \u00e0 votre s\u00e9curit\u00e9<\/strong>, en vous permettant d\u2019\u00eatre plus efficaces face aux courants, par exemple.[\/vc_column_text]<div class=\"vcButton text-center\">\r\n\t\t<a href=\"https:\/\/snorkeling-report.com\/fr\/palmes\/\" class=\"btn btn-sk\">\r\n\t\tVoir nos conseils\t<\/a>\r\n<\/div>\r\n[\/vc_column][\/vc_row][vc_row][vc_column][vc_separator][\/vc_column][\/vc_row][vc_row][vc_column width=\u00a0\u00bb1\/3&Prime;][vc_single_image image=\u00a0\u00bb33825&Prime; img_size=\u00a0\u00bbfull\u00a0\u00bb alignment=\u00a0\u00bbcenter\u00a0\u00bb onclick=\u00a0\u00bbcustom_link\u00a0\u00bb link=\u00a0\u00bbhttps:\/\/snorkeling-report.com\/fr\/rashguards-combinaisons\/\u00a0\u00bb][\/vc_column][vc_column width=\u00a0\u00bb2\/3&Prime;][vc_column_text]<\/p>\n<h2 style=\"font-size: 23px; color: #1276bd;\">Rashguard l\u00e9gers et combinaisons, pour se prot\u00e9ger du soleil et des UV dans l\u2019eau<\/h2>\n<p>En snorkeling, on doit <strong>se prot\u00e9ger des rayonnements du soleil<\/strong> (le dos est notamment tr\u00e8s expos\u00e9 aux UV \u00e0 la surface de l&rsquo;eau), <strong>de la fraicheur (ou froideur) de l\u2019eau<\/strong>, ou encore des m\u00e9duses. Les \u00e9quipementiers ont ainsi d\u00e9velopp\u00e9 deux types de v\u00eatements \u00e0 porter dans l\u2019eau: les rashguards et les combinaisons.[\/vc_column_text]<div class=\"vcButton text-center\">\r\n\t\t<a href=\"https:\/\/snorkeling-report.com\/fr\/rashguards-combinaisons\/\" class=\"btn btn-sk\">\r\n\t\tVoir nos conseils\t<\/a>\r\n<\/div>\r\n[\/vc_column][\/vc_row][vc_row][vc_column][vc_separator][\/vc_column][\/vc_row][vc_row][vc_column width=\u00a0\u00bb1\/3&Prime;][vc_single_image image=\u00a0\u00bb33817&Prime; img_size=\u00a0\u00bbfull\u00a0\u00bb alignment=\u00a0\u00bbcenter\u00a0\u00bb onclick=\u00a0\u00bbcustom_link\u00a0\u00bb link=\u00a0\u00bbhttps:\/\/snorkeling-report.com\/fr\/accessoires-confort-securite\/\u00a0\u00bb][\/vc_column][vc_column width=\u00a0\u00bb2\/3&Prime;][vc_column_text]<\/p>\n<h2 style=\"font-size: 23px; color: #1276bd;\">Une s\u00e9lection d\u2019accessoires, pour plus de confort et de s\u00e9curit\u00e9 dans et hors de l\u2019eau<\/h2>\n<p>Si vous pratiquez r\u00e9guli\u00e8rement le palmes-masque-tuba, il peut \u00eatre utile de <strong>compl\u00e9ter votre \u00e9quipement avec des accessoires pratiques<\/strong>, de confort ou de s\u00e9curit\u00e9. Retrouvez ici notre s\u00e9lection de sacs \u00e9tanches, casquettes, produits anti-bu\u00e9es, cr\u00e8mes solaire \u00e9cologique ou encore bou\u00e9es de signalisation.[\/vc_column_text]<div class=\"vcButton text-center\">\r\n\t\t<a href=\"https:\/\/snorkeling-report.com\/fr\/accessoires-confort-securite\/\" class=\"btn btn-sk\">\r\n\t\tVoir nos conseils\t<\/a>\r\n<\/div>\r\n[\/vc_column][\/vc_row][vc_row][vc_column][vc_separator][\/vc_column][\/vc_row][vc_row][vc_column width=\u00a0\u00bb1\/3&Prime;][vc_single_image image=\u00a0\u00bb33823&Prime; img_size=\u00a0\u00bbfull\u00a0\u00bb alignment=\u00a0\u00bbcenter\u00a0\u00bb onclick=\u00a0\u00bbcustom_link\u00a0\u00bb link=\u00a0\u00bbhttps:\/\/snorkeling-report.com\/fr\/cameras-appareils-photo-sous-marine\/\u00a0\u00bb][\/vc_column][vc_column width=\u00a0\u00bb2\/3&Prime;][vc_column_text]<\/p>\n<h2 style=\"font-size: 23px; color: #1276bd;\">Appareils photos et cam\u00e9ras, pour de fabuleux souvenirs de vos sessions PMT<\/h2>\n<p>Poissons multicolores, cr\u00e9atures \u00e9tranges\u2026 <strong>Les fonds marins foisonnent de sujets passionnants pour la photo<\/strong> sous-marine. Les appareils destin\u00e9s aux prises de vue dans l\u2019eau n\u2019ont jamais \u00e9t\u00e9 aussi performants et accessibles, et <strong>chacun peut d\u00e9sormais ramener de belles images<\/strong> de ses sessions snorkeling. On vous dit tout sur les meilleurs appareils du march\u00e9.[\/vc_column_text]<div class=\"vcButton text-center\">\r\n\t\t<a href=\"https:\/\/snorkeling-report.com\/fr\/cameras-appareils-photo-sous-marine\/\" class=\"btn btn-sk\">\r\n\t\tVoir nos conseils\t<\/a>\r\n<\/div>\r\n[\/vc_column][\/vc_row][vc_row][vc_column][vc_separator][\/vc_column][\/vc_row][vc_row][vc_column width=\u00a0\u00bb1\/3&Prime;][vc_single_image image=\u00a0\u00bb34847&Prime; img_size=\u00a0\u00bbfull\u00a0\u00bb alignment=\u00a0\u00bbcenter\u00a0\u00bb onclick=\u00a0\u00bbcustom_link\u00a0\u00bb link=\u00a0\u00bbhttps:\/\/snorkeling-report.com\/fr\/selection-livres-identification-poissons\/\u00a0\u00bb][\/vc_column][vc_column width=\u00a0\u00bb2\/3&Prime;][vc_column_text]<\/p>\n<h2 style=\"font-size: 23px; color: #1276bd;\">Des guides d\u2019identification, pour en apprendre plus sur la vie sous-marine<\/h2>\n<p>Envie d\u2019<strong>en apprendre plus sur les esp\u00e8ces que vous avez observ\u00e9es<\/strong> ou photographi\u00e9es sous l\u2019eau ? Les guides d\u2019identification sont de v\u00e9ritables tr\u00e9sors pour les curieux du monde sous-marin ! Ces <strong>livres recensent sous forme de photos ou de dessins les esp\u00e8ces que vous rencontrerez<\/strong> lors de vos aventures sous-marines.[\/vc_column_text]<div class=\"vcButton text-center\">\r\n\t\t<a href=\"https:\/\/snorkeling-report.com\/fr\/selection-livres-identification-poissons\/\" class=\"btn btn-sk\">\r\n\t\tVoir nos conseils\t<\/a>\r\n<\/div>\r\n[\/vc_column][\/vc_row][vc_row][vc_column][vc_separator][\/vc_column][\/vc_row][vc_row full_width=\u00a0\u00bbstretch_row_content_no_spaces\u00a0\u00bb][vc_column][vc_column_text]    \n    <style type=\"text\/css\">footer {margin-top: 0!important;}<\/style>\n<div class=\"single-species\">\n  <div class=\"footerBlocks mt-3 pt-4\">\n\n  <div class=\"container\">\n\n    <div class=\"row\">\n\n      <div class=\"col-12 col-md-4 mb-3\">\n        <a href=\"https:\/\/trips.snorkeling-report.com\/fr\/\" target=\"_blank\">\n        <img decoding=\"async\" src=\"https:\/\/ecywgr22tt6.exactdn.com\/wp-content\/uploads\/2018\/11\/snorkeling-trips-1.jpeg?w=1920\" class=\"img-fluid borderRadius5\">\n        <p>Voyages snorkeling<\/p>\n        <\/a>\n      <\/div>\n      <div class=\"col-12 col-md-4 mb-3\">\n        <a href=\"https:\/\/www.snorkeling-report.com\/fr\/quest-ce-que-le-snorkeling\/\">\n        <img decoding=\"async\" src=\"https:\/\/ecywgr22tt6.exactdn.com\/wp-content\/uploads\/2020\/04\/discover-snorkeling.jpg?w=1920\" class=\"img-fluid borderRadius5\">\n        <p>D\u00e9couvrez le snorkeling<\/p>\n        <\/a>\n      <\/div>\n      <div class=\"col-12 col-md-4 mb-3\">\n        <a href=\"https:\/\/www.snorkeling-report.com\/fr\/meilleures-destinations-randonnee-palmee\/\">\n        <img decoding=\"async\" src=\"https:\/\/ecywgr22tt6.exactdn.com\/wp-content\/uploads\/2020\/04\/spots-atlas.jpg?w=1920\" class=\"img-fluid borderRadius5\">\n        <p>D\u00e9couvrez notre atlas mondial des spots de snorkeling<\/p>\n        <\/a>\n      <\/div>\n\n    <\/div>\n\n  <\/div>\n\n<\/div>\n<\/div>\n    [\/vc_column_text][\/vc_column][\/vc_row]<\/p>\n<\/div>","protected":false},"excerpt":{"rendered":"<p>[vc_row][vc_column][vc_empty_space height=\u00a0\u00bb15px\u00a0\u00bb][vc_column_text] D\u00e9couvrez notre s\u00e9lection d\u2019articles pour la pratique du palmes-masque-tuba! On appr\u00e9cie encore plus ses sessions palmes-masque-tuba quand on est bien \u00e9quip\u00e9 ! Pour des raisons de confort, mais aussi de s\u00e9curit\u00e9, il est important d\u2019avoir un mat\u00e9riel adapt\u00e9 \u00e0 sa pratique du snorkeling, \u00e0 son niveau, mais aussi \u00e0 la temp\u00e9rature de l\u2019eau [&hellip;]<\/p>\n","protected":false},"author":581,"featured_media":34766,"parent":0,"menu_order":0,"comment_status":"closed","ping_status":"closed","template":"","meta":{"_acf_changed":false,"footnotes":""},"class_list":["post-21873","page","type-page","status-publish","has-post-thumbnail","hentry"],"acf":[],"yoast_head":"<!-- This site is optimized with the Yoast SEO plugin v27.3 - https:\/\/yoast.com\/product\/yoast-seo-wordpress\/ -->\n<title>Notre s\u00e9lection d&#039;articles 100% Snorkeling | Masques, Palmes, Combinaisons, etc.<\/title>\n<meta name=\"robots\" content=\"index, follow, max-snippet:-1, max-image-preview:large, max-video-preview:-1\" \/>\n<link rel=\"canonical\" href=\"https:\/\/www.snorkeling-report.com\/fr\/boutique-randonnee-palmee\/\" \/>\n<meta property=\"og:locale\" content=\"fr_FR\" \/>\n<meta property=\"og:type\" content=\"article\" \/>\n<meta property=\"og:title\" content=\"Notre s\u00e9lection d&#039;articles 100% Snorkeling | Masques, Palmes, Combinaisons, etc.\" \/>\n<meta property=\"og:description\" content=\"[vc_row][vc_column][vc_empty_space height=\u00a0\u00bb15px\u00a0\u00bb][vc_column_text] D\u00e9couvrez notre s\u00e9lection d\u2019articles pour la pratique du palmes-masque-tuba! On appr\u00e9cie encore plus ses sessions palmes-masque-tuba quand on est bien \u00e9quip\u00e9 ! Pour des raisons de confort, mais aussi de s\u00e9curit\u00e9, il est important d\u2019avoir un mat\u00e9riel adapt\u00e9 \u00e0 sa pratique du snorkeling, \u00e0 son niveau, mais aussi \u00e0 la temp\u00e9rature de l\u2019eau [&hellip;]\" \/>\n<meta property=\"og:url\" content=\"https:\/\/www.snorkeling-report.com\/fr\/boutique-randonnee-palmee\/\" \/>\n<meta property=\"og:site_name\" content=\"Snorkeling Report\" \/>\n<meta property=\"article:modified_time\" content=\"2020-10-24T08:53:41+00:00\" \/>\n<meta property=\"og:image\" content=\"https:\/\/www.snorkeling-report.com\/wp-content\/uploads\/2020\/09\/safe-snorkeling.jpeg\" \/>\n\t<meta property=\"og:image:width\" content=\"2400\" \/>\n\t<meta property=\"og:image:height\" content=\"660\" \/>\n\t<meta property=\"og:image:type\" content=\"image\/jpeg\" \/>\n<meta name=\"twitter:card\" content=\"summary_large_image\" \/>\n<meta name=\"twitter:label1\" content=\"Dur\u00e9e de lecture estim\u00e9e\" \/>\n\t<meta name=\"twitter:data1\" content=\"5 minutes\" \/>\n<script type=\"application\/ld+json\" class=\"yoast-schema-graph\">{\"@context\":\"https:\\\/\\\/schema.org\",\"@graph\":[{\"@type\":\"WebPage\",\"@id\":\"https:\\\/\\\/www.snorkeling-report.com\\\/fr\\\/boutique-randonnee-palmee\\\/\",\"url\":\"https:\\\/\\\/www.snorkeling-report.com\\\/fr\\\/boutique-randonnee-palmee\\\/\",\"name\":\"Notre s\u00e9lection d'articles 100% Snorkeling | Masques, Palmes, Combinaisons, etc.\",\"isPartOf\":{\"@id\":\"https:\\\/\\\/www.snorkeling-report.com\\\/#website\"},\"primaryImageOfPage\":{\"@id\":\"https:\\\/\\\/www.snorkeling-report.com\\\/fr\\\/boutique-randonnee-palmee\\\/#primaryimage\"},\"image\":{\"@id\":\"https:\\\/\\\/www.snorkeling-report.com\\\/fr\\\/boutique-randonnee-palmee\\\/#primaryimage\"},\"thumbnailUrl\":\"https:\\\/\\\/ecywgr22tt6.exactdn.com\\\/wp-content\\\/uploads\\\/2020\\\/09\\\/safe-snorkeling.jpeg\",\"datePublished\":\"2019-12-14T08:11:16+00:00\",\"dateModified\":\"2020-10-24T08:53:41+00:00\",\"breadcrumb\":{\"@id\":\"https:\\\/\\\/www.snorkeling-report.com\\\/fr\\\/boutique-randonnee-palmee\\\/#breadcrumb\"},\"inLanguage\":\"fr-FR\",\"potentialAction\":[{\"@type\":\"ReadAction\",\"target\":[\"https:\\\/\\\/www.snorkeling-report.com\\\/fr\\\/boutique-randonnee-palmee\\\/\"]}]},{\"@type\":\"ImageObject\",\"inLanguage\":\"fr-FR\",\"@id\":\"https:\\\/\\\/www.snorkeling-report.com\\\/fr\\\/boutique-randonnee-palmee\\\/#primaryimage\",\"url\":\"https:\\\/\\\/ecywgr22tt6.exactdn.com\\\/wp-content\\\/uploads\\\/2020\\\/09\\\/safe-snorkeling.jpeg\",\"contentUrl\":\"https:\\\/\\\/ecywgr22tt6.exactdn.com\\\/wp-content\\\/uploads\\\/2020\\\/09\\\/safe-snorkeling.jpeg\",\"width\":2400,\"height\":660,\"caption\":\"Safe snorkeling\"},{\"@type\":\"BreadcrumbList\",\"@id\":\"https:\\\/\\\/www.snorkeling-report.com\\\/fr\\\/boutique-randonnee-palmee\\\/#breadcrumb\",\"itemListElement\":[{\"@type\":\"ListItem\",\"position\":1,\"name\":\"Accueil\",\"item\":\"https:\\\/\\\/www.snorkeling-report.com\\\/fr\\\/\"},{\"@type\":\"ListItem\",\"position\":2,\"name\":\"Materiel snorkeling\"}]},{\"@type\":\"WebSite\",\"@id\":\"https:\\\/\\\/www.snorkeling-report.com\\\/#website\",\"url\":\"https:\\\/\\\/www.snorkeling-report.com\\\/\",\"name\":\"Snorkeling Report\",\"description\":\"Le guide des meilleurs spots de Snorkeling\",\"potentialAction\":[{\"@type\":\"SearchAction\",\"target\":{\"@type\":\"EntryPoint\",\"urlTemplate\":\"https:\\\/\\\/www.snorkeling-report.com\\\/?s={search_term_string}\"},\"query-input\":{\"@type\":\"PropertyValueSpecification\",\"valueRequired\":true,\"valueName\":\"search_term_string\"}}],\"inLanguage\":\"fr-FR\"}]}<\/script>\n<!-- \/ Yoast SEO plugin. -->","yoast_head_json":{"title":"Notre s\u00e9lection d'articles 100% Snorkeling | Masques, Palmes, Combinaisons, etc.","robots":{"index":"index","follow":"follow","max-snippet":"max-snippet:-1","max-image-preview":"max-image-preview:large","max-video-preview":"max-video-preview:-1"},"canonical":"https:\/\/www.snorkeling-report.com\/fr\/boutique-randonnee-palmee\/","og_locale":"fr_FR","og_type":"article","og_title":"Notre s\u00e9lection d'articles 100% Snorkeling | Masques, Palmes, Combinaisons, etc.","og_description":"[vc_row][vc_column][vc_empty_space height=\u00a0\u00bb15px\u00a0\u00bb][vc_column_text] D\u00e9couvrez notre s\u00e9lection d\u2019articles pour la pratique du palmes-masque-tuba! On appr\u00e9cie encore plus ses sessions palmes-masque-tuba quand on est bien \u00e9quip\u00e9 ! Pour des raisons de confort, mais aussi de s\u00e9curit\u00e9, il est important d\u2019avoir un mat\u00e9riel adapt\u00e9 \u00e0 sa pratique du snorkeling, \u00e0 son niveau, mais aussi \u00e0 la temp\u00e9rature de l\u2019eau [&hellip;]","og_url":"https:\/\/www.snorkeling-report.com\/fr\/boutique-randonnee-palmee\/","og_site_name":"Snorkeling Report","article_modified_time":"2020-10-24T08:53:41+00:00","og_image":[{"width":2400,"height":660,"url":"https:\/\/www.snorkeling-report.com\/wp-content\/uploads\/2020\/09\/safe-snorkeling.jpeg","type":"image\/jpeg"}],"twitter_card":"summary_large_image","twitter_misc":{"Dur\u00e9e de lecture estim\u00e9e":"5 minutes"},"schema":{"@context":"https:\/\/schema.org","@graph":[{"@type":"WebPage","@id":"https:\/\/www.snorkeling-report.com\/fr\/boutique-randonnee-palmee\/","url":"https:\/\/www.snorkeling-report.com\/fr\/boutique-randonnee-palmee\/","name":"Notre s\u00e9lection d'articles 100% Snorkeling | Masques, Palmes, Combinaisons, etc.","isPartOf":{"@id":"https:\/\/www.snorkeling-report.com\/#website"},"primaryImageOfPage":{"@id":"https:\/\/www.snorkeling-report.com\/fr\/boutique-randonnee-palmee\/#primaryimage"},"image":{"@id":"https:\/\/www.snorkeling-report.com\/fr\/boutique-randonnee-palmee\/#primaryimage"},"thumbnailUrl":"https:\/\/ecywgr22tt6.exactdn.com\/wp-content\/uploads\/2020\/09\/safe-snorkeling.jpeg","datePublished":"2019-12-14T08:11:16+00:00","dateModified":"2020-10-24T08:53:41+00:00","breadcrumb":{"@id":"https:\/\/www.snorkeling-report.com\/fr\/boutique-randonnee-palmee\/#breadcrumb"},"inLanguage":"fr-FR","potentialAction":[{"@type":"ReadAction","target":["https:\/\/www.snorkeling-report.com\/fr\/boutique-randonnee-palmee\/"]}]},{"@type":"ImageObject","inLanguage":"fr-FR","@id":"https:\/\/www.snorkeling-report.com\/fr\/boutique-randonnee-palmee\/#primaryimage","url":"https:\/\/ecywgr22tt6.exactdn.com\/wp-content\/uploads\/2020\/09\/safe-snorkeling.jpeg","contentUrl":"https:\/\/ecywgr22tt6.exactdn.com\/wp-content\/uploads\/2020\/09\/safe-snorkeling.jpeg","width":2400,"height":660,"caption":"Safe snorkeling"},{"@type":"BreadcrumbList","@id":"https:\/\/www.snorkeling-report.com\/fr\/boutique-randonnee-palmee\/#breadcrumb","itemListElement":[{"@type":"ListItem","position":1,"name":"Accueil","item":"https:\/\/www.snorkeling-report.com\/fr\/"},{"@type":"ListItem","position":2,"name":"Materiel snorkeling"}]},{"@type":"WebSite","@id":"https:\/\/www.snorkeling-report.com\/#website","url":"https:\/\/www.snorkeling-report.com\/","name":"Snorkeling Report","description":"Le guide des meilleurs spots de Snorkeling","potentialAction":[{"@type":"SearchAction","target":{"@type":"EntryPoint","urlTemplate":"https:\/\/www.snorkeling-report.com\/?s={search_term_string}"},"query-input":{"@type":"PropertyValueSpecification","valueRequired":true,"valueName":"search_term_string"}}],"inLanguage":"fr-FR"}]}},"_links":{"self":[{"href":"https:\/\/www.snorkeling-report.com\/fr\/wp-json\/wp\/v2\/pages\/21873","targetHints":{"allow":["GET"]}}],"collection":[{"href":"https:\/\/www.snorkeling-report.com\/fr\/wp-json\/wp\/v2\/pages"}],"about":[{"href":"https:\/\/www.snorkeling-report.com\/fr\/wp-json\/wp\/v2\/types\/page"}],"author":[{"embeddable":true,"href":"https:\/\/www.snorkeling-report.com\/fr\/wp-json\/wp\/v2\/users\/581"}],"replies":[{"embeddable":true,"href":"https:\/\/www.snorkeling-report.com\/fr\/wp-json\/wp\/v2\/comments?post=21873"}],"version-history":[{"count":0,"href":"https:\/\/www.snorkeling-report.com\/fr\/wp-json\/wp\/v2\/pages\/21873\/revisions"}],"wp:featuredmedia":[{"embeddable":true,"href":"https:\/\/www.snorkeling-report.com\/fr\/wp-json\/wp\/v2\/media\/34766"}],"wp:attachment":[{"href":"https:\/\/www.snorkeling-report.com\/fr\/wp-json\/wp\/v2\/media?parent=21873"}],"curies":[{"name":"wp","href":"https:\/\/api.w.org\/{rel}","templated":true}]}}