{"id":14216,"date":"2019-04-06T12:17:03","date_gmt":"2019-04-06T16:17:03","guid":{"rendered":"https:\/\/fcae008a1c.nxcli.io\/become-a-reporter\/"},"modified":"2021-03-31T10:45:35","modified_gmt":"2021-03-31T08:45:35","slug":"devenir-reporter","status":"publish","type":"page","link":"https:\/\/www.snorkeling-report.com\/fr\/devenir-reporter\/","title":{"rendered":"Devenir reporter"},"content":{"rendered":"<div class=\"wpb-content-wrapper\"><p>[vc_row][vc_column][vc_empty_space height=\u00a0\u00bb15px\u00a0\u00bb][vc_column_text]<\/p>\n<h2 style=\"font-size: 24px; color: #212121;\"><strong>Participez au projet Snorkeling Report en partageant les spots que vous connaissez!<\/strong><\/h2>\n<p class=\"p1\"><span class=\"s1\">Plus de 38<\/span><span class=\"s1\">0 spots ont d\u00e9j\u00e0 \u00e9t\u00e9 publi\u00e9s sur Snorkeling Report, mais de nombreux restent encore \u00e0 ajouter! Vous pouvez vous aussi contribuer \u00e0 remplir notre atlas en partageant vos spots de snorkeling pr\u00e9f\u00e9r\u00e9s dans le monde entier. <strong>Plus nous serons nombreux \u00e0 partager nos spots, plus il sera facile pour vous -et pour tous les autres passionn\u00e9s- de localiser les plus beaux sites et d\u2019explorer le monde sous-marin!<\/strong><\/span><\/p>\n<p>[\/vc_column_text][vc_single_image image=\u00a0\u00bb40724&Prime; img_size=\u00a0\u00bbfull\u00a0\u00bb][vc_column_text]<\/p>\n<p class=\"p1\"><span class=\"s1\">Pour ajouter des spots que vous avez visit\u00e9s, <a href=\"https:\/\/snorkeling-report.com\/inscription\/\">inscrivez-vous sur Snorkeling Report<\/a><span class=\"s2\">. C\u2019est gratuit, et \u00e7a ne prend qu\u2019une minute.<\/span><\/span><\/p>\n<p class=\"p1\"><span class=\"s1\"><span class=\"s2\">Une fois connect\u00e9, vous pourrez acc\u00e9der au formulaire <a href=\"https:\/\/snorkeling-report.com\/fr\/ajouter-un-spot\/\">\u00ab ajouter un spot \u00bb<\/a>, mais aussi profiter de toutes les autres fonctionnalit\u00e9s du site!<\/span> Le formulaire est simple, et con\u00e7u pour recueillir toutes les informations utiles sur le spot que vous avez explor\u00e9.<\/span><\/p>\n<p>[\/vc_column_text][vc_separator color=\u00a0\u00bbcustom\u00a0\u00bb accent_color=\u00a0\u00bb#3e5584&Prime;][vc_empty_space height=\u00a0\u00bb8px\u00a0\u00bb][vc_column_text]<\/p>\n<h2 style=\"font-size: 22px; color: #212121;\"><strong>Voici les \u00e9l\u00e9ments \u00e0 fournir pour qu&rsquo;un spot soit ajout\u00e9 sur la carte:<\/strong><\/h2>\n<p>[\/vc_column_text][\/vc_column][\/vc_row][vc_row][vc_column width=\u00a0\u00bb1\/3&Prime;][vc_single_image image=\u00a0\u00bb43786&Prime; img_size=\u00a0\u00bbfull\u00a0\u00bb][vc_column_text]<\/p>\n<h2 style=\"font-size: 24px; color: #212121;\"><strong>Des infos sur le spot<\/strong><\/h2>\n<p class=\"p1\">Dans le formulaire, diff\u00e9rents champs vous permettront de nous donner des infos sur le spot: comment y acc\u00e9der, o\u00f9 se mettre \u00e0 l&rsquo;eau, la profondeur, les esp\u00e8ces que l&rsquo;on peut voir&#8230;<\/p>\n<p>[\/vc_column_text][\/vc_column][vc_column width=\u00a0\u00bb1\/3&Prime;][vc_single_image image=\u00a0\u00bb43781&Prime; img_size=\u00a0\u00bbfull\u00a0\u00bb][vc_column_text]<\/p>\n<h2 style=\"font-size: 24px; color: #212121;\"><strong>La localisation de la zone<\/strong><\/h2>\n<p class=\"p1\">Une capture d&rsquo;\u00e9cran sur laquelle sont rapidement dessin\u00e9es les limites du spot nous aidera \u00e0 localiser la zone et \u00e0 pr\u00e9parer la carte qui sera publi\u00e9e sur la page.<\/p>\n<p>[\/vc_column_text][\/vc_column][vc_column width=\u00a0\u00bb1\/3&Prime;][vc_single_image image=\u00a0\u00bb43779&Prime; img_size=\u00a0\u00bbfull\u00a0\u00bb][vc_column_text]<\/p>\n<h2 style=\"font-size: 24px; color: #212121;\"><strong>Des photos sous-marines<\/strong><\/h2>\n<p class=\"p1\">Joignez au minimum une dizaine de photos sous-marines prises en snorkeling sur ce spot, afin que l&rsquo;on puisse illustrer la page. Des photos du site (plage, baie, r\u00e9cif) peuvent \u00eatre aussi envoy\u00e9es en compl\u00e9ment.<\/p>\n<p>[\/vc_column_text][\/vc_column][\/vc_row][vc_row][vc_column][vc_separator color=\u00a0\u00bbcustom\u00a0\u00bb accent_color=\u00a0\u00bb#3e5584&Prime;][vc_column_text]<\/p>\n<p class=\"p1\"><span class=\"s1\">Notre \u00e9quipe va utiliser les informations que vous nous avez envoy\u00e9es pour r\u00e9diger et illustrer la nouvelle page (conseils, vue a\u00e9rienne, illustrations\u2026). Si nous avons besoin de pr\u00e9cisions pendant ce travail, nous vous contacterons par mail.<\/span><\/p>\n<p><span class=\"s1\">Grace \u00e0 vous, de nombreux autres passionn\u00e9s pourront explorer ce spot. Merci \ud83d\udc99 de nous aider \u00e0 construire le plus grand atlas mondial de spots de PMT, et de permettre au plus grand nombre de profiter librement du monde sous-marin !<\/span>[\/vc_column_text]<div class=\"vcButton text-center\">\r\n\t\t<a href=\"https:\/\/snorkeling-report.com\/fr\/ajouter-un-spot\/\" class=\"btn btn-sk\">\r\n\t\tFORMULAIRE D'AJOUT DE SPOT\t<\/a>\r\n<\/div>\r\n[vc_single_image image=\u00a0\u00bb43774&Prime; img_size=\u00a0\u00bbfull\u00a0\u00bb][vc_empty_space height=\u00a0\u00bb30px\u00a0\u00bb][vc_separator color=\u00a0\u00bbcustom\u00a0\u00bb accent_color=\u00a0\u00bb#3e5584&Prime;][\/vc_column][\/vc_row][vc_row][vc_column width=\u00a0\u00bb1\/3&Prime;][vc_single_image image=\u00a0\u00bb43798&Prime; img_size=\u00a0\u00bbfull\u00a0\u00bb][\/vc_column][vc_column width=\u00a0\u00bb2\/3&Prime;][vc_column_text]<\/p>\n<h2 style=\"font-size: 24px; color: #212121;\"><strong>Vous partagez un spot? Vos contributions sur le site sont toujours mises en valeur!<\/strong><\/h2>\n<p class=\"p1\"><span class=\"s1\">Lorsque vous ajoutez un spot sur Snorkeling Report, votre pseudo apparaitra sur la page que vous aurez contribu\u00e9 \u00e0 cr\u00e9er et sous chaque photo ajout\u00e9e dans les galeries. Dans le formulaire d\u2019ajout de spot, vous pouvez sp\u00e9cifier le copyright que vous souhaitez que l\u2019on ins\u00e8re sur vos photos lorsque nous les utilisons pour illustrer la nouvelle page.<\/span><\/p>\n<p>Les visiteurs du site peuvent aussi acc\u00e9der \u00e0 votre profil, sur lequel sont list\u00e9s tous les spots que vous avez ajout\u00e9, ainsi que les photos que vous avez partag\u00e9es.<\/p>\n<p>Vous pouvez voir un exemple de spot ajout\u00e9 par un reporter <a href=\"https:\/\/snorkeling-report.com\/fr\/spot\/snorkeling-boucan-canot-reunion\/\">ici<\/a>&nbsp;ainsi que la liste de tous les reporters ayant ajout\u00e9 des spots <a href=\"https:\/\/snorkeling-report.com\/fr\/reporters-et-contributeurs\/\">ici<\/a>.[\/vc_column_text][\/vc_column][\/vc_row][vc_row][vc_column][vc_empty_space height=\u00a0\u00bb30px\u00a0\u00bb][vc_separator color=\u00a0\u00bbcustom\u00a0\u00bb accent_color=\u00a0\u00bb#3e5584&Prime;][\/vc_column][\/vc_row][vc_row][vc_column width=\u00a0\u00bb2\/3&Prime;][vc_column_text]<\/p>\n<h2 style=\"font-size: 24px; color: #212121;\"><strong>Partagez des spots&#8230; et bien plus encore!<\/strong><\/h2>\n<p class=\"p1\"><span class=\"s1\">En vous inscrivant sur Snorkeling Report, vous pourrez ajouter de nouveaux spots, mais aussi&nbsp;:<\/span><\/p>\n<ul class=\"ul1\">\n<li class=\"li1\"><span class=\"s1\">Noter chacun des spots d\u00e9j\u00e0 en ligne que vous avez visit\u00e9s, de \u2b50\u00e0 \u2b50\u2b50\u2b50\u2b50\u2b50;<\/span><\/li>\n<li class=\"li1\"><span class=\"s1\">Ajouter vos photos dans les galeries photos de chaque spot&nbsp;<\/span><\/li>\n<li class=\"li1\"><span class=\"s1\">Discuter avec d\u2019autres passionn\u00e9s dans les espaces commentaires pr\u00e9sents sur tous les spots du site&nbsp;;<\/span><\/li>\n<li class=\"li1\"><span class=\"s1\">Compl\u00e9ter votre profil, et mettre \u00e0 jour votre carte personnelle des spots que vous avez d\u00e9j\u00e0 explor\u00e9.<\/span><\/li>\n<\/ul>\n<p>[\/vc_column_text][\/vc_column][vc_column width=\u00a0\u00bb1\/3&Prime;][vc_single_image image=\u00a0\u00bb43795&Prime; img_size=\u00a0\u00bbfull\u00a0\u00bb][\/vc_column][\/vc_row][vc_row][vc_column][vc_empty_space height=\u00a0\u00bb20px\u00a0\u00bb]<div class=\"vcButton text-center\">\r\n\t\t<a href=\"https:\/\/www.snorkeling-report.com\/inscription\/\" class=\"btn btn-sk\">\r\n\t\tREJOINDRE SNORKELING REPORT\t<\/a>\r\n<\/div>\r\n[vc_empty_space height=\u00a0\u00bb20px\u00a0\u00bb][\/vc_column][\/vc_row]<\/p>\n<\/div>","protected":false},"excerpt":{"rendered":"<p>[vc_row][vc_column][vc_empty_space height=\u00a0\u00bb15px\u00a0\u00bb][vc_column_text] Participez au projet Snorkeling Report en partageant les spots que vous connaissez! Plus de 380 spots ont d\u00e9j\u00e0 \u00e9t\u00e9 publi\u00e9s sur Snorkeling Report, mais de nombreux restent encore \u00e0 ajouter! Vous pouvez vous aussi contribuer \u00e0 remplir notre atlas en partageant vos spots de snorkeling pr\u00e9f\u00e9r\u00e9s dans le monde entier. Plus nous serons [&hellip;]<\/p>\n","protected":false},"author":39,"featured_media":21468,"parent":0,"menu_order":0,"comment_status":"closed","ping_status":"closed","template":"","meta":{"_acf_changed":false,"footnotes":""},"class_list":["post-14216","page","type-page","status-publish","has-post-thumbnail","hentry"],"acf":[],"yoast_head":"<!-- This site is optimized with the Yoast SEO plugin v27.3 - https:\/\/yoast.com\/product\/yoast-seo-wordpress\/ -->\n<title>Devenir reporter | Snorkeling Report<\/title>\n<meta name=\"robots\" content=\"index, follow, max-snippet:-1, max-image-preview:large, max-video-preview:-1\" \/>\n<link rel=\"canonical\" href=\"https:\/\/www.snorkeling-report.com\/fr\/devenir-reporter\/\" \/>\n<meta property=\"og:locale\" content=\"fr_FR\" \/>\n<meta property=\"og:type\" content=\"article\" \/>\n<meta property=\"og:title\" content=\"Devenir reporter | Snorkeling Report\" \/>\n<meta property=\"og:description\" content=\"[vc_row][vc_column][vc_empty_space height=\u00a0\u00bb15px\u00a0\u00bb][vc_column_text] Participez au projet Snorkeling Report en partageant les spots que vous connaissez! Plus de 380 spots ont d\u00e9j\u00e0 \u00e9t\u00e9 publi\u00e9s sur Snorkeling Report, mais de nombreux restent encore \u00e0 ajouter! Vous pouvez vous aussi contribuer \u00e0 remplir notre atlas en partageant vos spots de snorkeling pr\u00e9f\u00e9r\u00e9s dans le monde entier. Plus nous serons [&hellip;]\" \/>\n<meta property=\"og:url\" content=\"https:\/\/www.snorkeling-report.com\/fr\/devenir-reporter\/\" \/>\n<meta property=\"og:site_name\" content=\"Snorkeling Report\" \/>\n<meta property=\"article:modified_time\" content=\"2021-03-31T08:45:35+00:00\" \/>\n<meta property=\"og:image\" content=\"https:\/\/www.snorkeling-report.com\/wp-content\/uploads\/2019\/12\/share-a-snorkeling-spot-reporter.jpg\" \/>\n\t<meta property=\"og:image:width\" content=\"2400\" \/>\n\t<meta property=\"og:image:height\" content=\"660\" \/>\n\t<meta property=\"og:image:type\" content=\"image\/jpeg\" \/>\n<meta name=\"twitter:card\" content=\"summary_large_image\" \/>\n<meta name=\"twitter:label1\" content=\"Dur\u00e9e de lecture estim\u00e9e\" \/>\n\t<meta name=\"twitter:data1\" content=\"4 minutes\" \/>\n<script type=\"application\/ld+json\" class=\"yoast-schema-graph\">{\"@context\":\"https:\\\/\\\/schema.org\",\"@graph\":[{\"@type\":\"WebPage\",\"@id\":\"https:\\\/\\\/www.snorkeling-report.com\\\/fr\\\/devenir-reporter\\\/\",\"url\":\"https:\\\/\\\/www.snorkeling-report.com\\\/fr\\\/devenir-reporter\\\/\",\"name\":\"Devenir reporter | Snorkeling Report\",\"isPartOf\":{\"@id\":\"https:\\\/\\\/www.snorkeling-report.com\\\/#website\"},\"primaryImageOfPage\":{\"@id\":\"https:\\\/\\\/www.snorkeling-report.com\\\/fr\\\/devenir-reporter\\\/#primaryimage\"},\"image\":{\"@id\":\"https:\\\/\\\/www.snorkeling-report.com\\\/fr\\\/devenir-reporter\\\/#primaryimage\"},\"thumbnailUrl\":\"https:\\\/\\\/ecywgr22tt6.exactdn.com\\\/wp-content\\\/uploads\\\/2019\\\/12\\\/share-a-snorkeling-spot-reporter.jpg\",\"datePublished\":\"2019-04-06T16:17:03+00:00\",\"dateModified\":\"2021-03-31T08:45:35+00:00\",\"breadcrumb\":{\"@id\":\"https:\\\/\\\/www.snorkeling-report.com\\\/fr\\\/devenir-reporter\\\/#breadcrumb\"},\"inLanguage\":\"fr-FR\",\"potentialAction\":[{\"@type\":\"ReadAction\",\"target\":[\"https:\\\/\\\/www.snorkeling-report.com\\\/fr\\\/devenir-reporter\\\/\"]}]},{\"@type\":\"ImageObject\",\"inLanguage\":\"fr-FR\",\"@id\":\"https:\\\/\\\/www.snorkeling-report.com\\\/fr\\\/devenir-reporter\\\/#primaryimage\",\"url\":\"https:\\\/\\\/ecywgr22tt6.exactdn.com\\\/wp-content\\\/uploads\\\/2019\\\/12\\\/share-a-snorkeling-spot-reporter.jpg\",\"contentUrl\":\"https:\\\/\\\/ecywgr22tt6.exactdn.com\\\/wp-content\\\/uploads\\\/2019\\\/12\\\/share-a-snorkeling-spot-reporter.jpg\",\"width\":2400,\"height\":660,\"caption\":\"Become a reporter - Share snorkeling spots\"},{\"@type\":\"BreadcrumbList\",\"@id\":\"https:\\\/\\\/www.snorkeling-report.com\\\/fr\\\/devenir-reporter\\\/#breadcrumb\",\"itemListElement\":[{\"@type\":\"ListItem\",\"position\":1,\"name\":\"Accueil\",\"item\":\"https:\\\/\\\/www.snorkeling-report.com\\\/fr\\\/\"},{\"@type\":\"ListItem\",\"position\":2,\"name\":\"Devenir reporter\"}]},{\"@type\":\"WebSite\",\"@id\":\"https:\\\/\\\/www.snorkeling-report.com\\\/#website\",\"url\":\"https:\\\/\\\/www.snorkeling-report.com\\\/\",\"name\":\"Snorkeling Report\",\"description\":\"Le guide des meilleurs spots de Snorkeling\",\"potentialAction\":[{\"@type\":\"SearchAction\",\"target\":{\"@type\":\"EntryPoint\",\"urlTemplate\":\"https:\\\/\\\/www.snorkeling-report.com\\\/?s={search_term_string}\"},\"query-input\":{\"@type\":\"PropertyValueSpecification\",\"valueRequired\":true,\"valueName\":\"search_term_string\"}}],\"inLanguage\":\"fr-FR\"}]}<\/script>\n<!-- \/ Yoast SEO plugin. -->","yoast_head_json":{"title":"Devenir reporter | Snorkeling Report","robots":{"index":"index","follow":"follow","max-snippet":"max-snippet:-1","max-image-preview":"max-image-preview:large","max-video-preview":"max-video-preview:-1"},"canonical":"https:\/\/www.snorkeling-report.com\/fr\/devenir-reporter\/","og_locale":"fr_FR","og_type":"article","og_title":"Devenir reporter | Snorkeling Report","og_description":"[vc_row][vc_column][vc_empty_space height=\u00a0\u00bb15px\u00a0\u00bb][vc_column_text] Participez au projet Snorkeling Report en partageant les spots que vous connaissez! Plus de 380 spots ont d\u00e9j\u00e0 \u00e9t\u00e9 publi\u00e9s sur Snorkeling Report, mais de nombreux restent encore \u00e0 ajouter! Vous pouvez vous aussi contribuer \u00e0 remplir notre atlas en partageant vos spots de snorkeling pr\u00e9f\u00e9r\u00e9s dans le monde entier. Plus nous serons [&hellip;]","og_url":"https:\/\/www.snorkeling-report.com\/fr\/devenir-reporter\/","og_site_name":"Snorkeling Report","article_modified_time":"2021-03-31T08:45:35+00:00","og_image":[{"width":2400,"height":660,"url":"https:\/\/www.snorkeling-report.com\/wp-content\/uploads\/2019\/12\/share-a-snorkeling-spot-reporter.jpg","type":"image\/jpeg"}],"twitter_card":"summary_large_image","twitter_misc":{"Dur\u00e9e de lecture estim\u00e9e":"4 minutes"},"schema":{"@context":"https:\/\/schema.org","@graph":[{"@type":"WebPage","@id":"https:\/\/www.snorkeling-report.com\/fr\/devenir-reporter\/","url":"https:\/\/www.snorkeling-report.com\/fr\/devenir-reporter\/","name":"Devenir reporter | Snorkeling Report","isPartOf":{"@id":"https:\/\/www.snorkeling-report.com\/#website"},"primaryImageOfPage":{"@id":"https:\/\/www.snorkeling-report.com\/fr\/devenir-reporter\/#primaryimage"},"image":{"@id":"https:\/\/www.snorkeling-report.com\/fr\/devenir-reporter\/#primaryimage"},"thumbnailUrl":"https:\/\/ecywgr22tt6.exactdn.com\/wp-content\/uploads\/2019\/12\/share-a-snorkeling-spot-reporter.jpg","datePublished":"2019-04-06T16:17:03+00:00","dateModified":"2021-03-31T08:45:35+00:00","breadcrumb":{"@id":"https:\/\/www.snorkeling-report.com\/fr\/devenir-reporter\/#breadcrumb"},"inLanguage":"fr-FR","potentialAction":[{"@type":"ReadAction","target":["https:\/\/www.snorkeling-report.com\/fr\/devenir-reporter\/"]}]},{"@type":"ImageObject","inLanguage":"fr-FR","@id":"https:\/\/www.snorkeling-report.com\/fr\/devenir-reporter\/#primaryimage","url":"https:\/\/ecywgr22tt6.exactdn.com\/wp-content\/uploads\/2019\/12\/share-a-snorkeling-spot-reporter.jpg","contentUrl":"https:\/\/ecywgr22tt6.exactdn.com\/wp-content\/uploads\/2019\/12\/share-a-snorkeling-spot-reporter.jpg","width":2400,"height":660,"caption":"Become a reporter - Share snorkeling spots"},{"@type":"BreadcrumbList","@id":"https:\/\/www.snorkeling-report.com\/fr\/devenir-reporter\/#breadcrumb","itemListElement":[{"@type":"ListItem","position":1,"name":"Accueil","item":"https:\/\/www.snorkeling-report.com\/fr\/"},{"@type":"ListItem","position":2,"name":"Devenir reporter"}]},{"@type":"WebSite","@id":"https:\/\/www.snorkeling-report.com\/#website","url":"https:\/\/www.snorkeling-report.com\/","name":"Snorkeling Report","description":"Le guide des meilleurs spots de Snorkeling","potentialAction":[{"@type":"SearchAction","target":{"@type":"EntryPoint","urlTemplate":"https:\/\/www.snorkeling-report.com\/?s={search_term_string}"},"query-input":{"@type":"PropertyValueSpecification","valueRequired":true,"valueName":"search_term_string"}}],"inLanguage":"fr-FR"}]}},"_links":{"self":[{"href":"https:\/\/www.snorkeling-report.com\/fr\/wp-json\/wp\/v2\/pages\/14216","targetHints":{"allow":["GET"]}}],"collection":[{"href":"https:\/\/www.snorkeling-report.com\/fr\/wp-json\/wp\/v2\/pages"}],"about":[{"href":"https:\/\/www.snorkeling-report.com\/fr\/wp-json\/wp\/v2\/types\/page"}],"author":[{"embeddable":true,"href":"https:\/\/www.snorkeling-report.com\/fr\/wp-json\/wp\/v2\/users\/39"}],"replies":[{"embeddable":true,"href":"https:\/\/www.snorkeling-report.com\/fr\/wp-json\/wp\/v2\/comments?post=14216"}],"version-history":[{"count":0,"href":"https:\/\/www.snorkeling-report.com\/fr\/wp-json\/wp\/v2\/pages\/14216\/revisions"}],"wp:featuredmedia":[{"embeddable":true,"href":"https:\/\/www.snorkeling-report.com\/fr\/wp-json\/wp\/v2\/media\/21468"}],"wp:attachment":[{"href":"https:\/\/www.snorkeling-report.com\/fr\/wp-json\/wp\/v2\/media?parent=14216"}],"curies":[{"name":"wp","href":"https:\/\/api.w.org\/{rel}","templated":true}]}}